{"id":2343,"date":"2025-11-26T08:13:35","date_gmt":"2025-11-26T13:13:35","guid":{"rendered":"https:\/\/grupo-sosa.com\/politica-de-privacidad\/"},"modified":"2026-01-15T00:14:55","modified_gmt":"2026-01-15T05:14:55","slug":"politica-de-privacidad","status":"publish","type":"page","link":"https:\/\/grupo-sosa.com\/es\/politica-de-privacidad\/","title":{"rendered":"Pol\u00edtica de privacidad"},"content":{"rendered":"\t\t<div data-elementor-type=\"wp-page\" data-elementor-id=\"2343\" class=\"elementor elementor-2343 elementor-1933\" data-elementor-post-type=\"page\">\n\t\t\t\t<div data-particle_enable=\"false\" data-particle-mobile-disabled=\"false\" class=\"elementor-element elementor-element-f582a12 e-flex e-con-boxed e-con e-parent\" data-id=\"f582a12\" data-element_type=\"container\" data-e-type=\"container\">\n\t\t\t\t\t<div class=\"e-con-inner\">\n\t\t\t\t<div class=\"elementor-element elementor-element-07fa891 elementor-widget elementor-widget-heading\" data-id=\"07fa891\" data-element_type=\"widget\" data-e-type=\"widget\" data-widget_type=\"heading.default\">\n\t\t\t\t\t<h1 class=\"elementor-heading-title elementor-size-default\">Pol\u00edtica de privacidad<\/h1>\t\t\t\t<\/div>\n\t\t\t\t\t<\/div>\n\t\t\t\t<\/div>\n\t\t<div data-particle_enable=\"false\" data-particle-mobile-disabled=\"false\" class=\"elementor-element elementor-element-8f195e7 e-flex e-con-boxed e-con e-parent\" data-id=\"8f195e7\" data-element_type=\"container\" data-e-type=\"container\">\n\t\t\t\t\t<div class=\"e-con-inner\">\n\t\t\t\t<div class=\"elementor-element elementor-element-fded078 elementor-widget elementor-widget-text-editor\" data-id=\"fded078\" data-element_type=\"widget\" data-e-type=\"widget\" data-widget_type=\"text-editor.default\">\n\t\t\t\t\t\t\t\t\t<p><strong>Grupo Sosa Insurance Group Inc.<\/strong> se compromete a proteger la privacidad y confidencialidad de la informaci\u00f3n personal de nuestros clientes. Como corredur\u00eda de seguros minorista, recopilamos, utilizamos y salvaguardamos la informaci\u00f3n de acuerdo con las leyes federales y estatales aplicables, incluida la Ley Gramm-Leach-Bliley (GLBA) y la normativa estatal sobre seguros.<\/p><p><strong>Informaci\u00f3n que recogemos<\/strong><\/p><p>Podemos recopilar informaci\u00f3n personal no p\u00fablica sobre ti de las siguientes fuentes:<\/p><ul><li>Informaci\u00f3n que proporciones en solicitudes, cuestionarios u otros formularios<\/li><li>Informaci\u00f3n obtenida durante las comunicaciones contigo (en persona, por tel\u00e9fono, correo electr\u00f3nico o en l\u00ednea)<\/li><li>Informaci\u00f3n recibida de compa\u00f1\u00edas de seguros, mayoristas u otros terceros<\/li><li>Informaci\u00f3n de agencias de informaci\u00f3n al consumidor, cuando lo permita la ley<\/li><li>Esta informaci\u00f3n puede incluir, entre otros, tu nombre, direcci\u00f3n, fecha de nacimiento, n\u00famero de la Seguridad Social, n\u00famero del carn\u00e9 de conducir, informaci\u00f3n financiera e historial de seguros.<\/li><\/ul><p><strong>C\u00f3mo utilizamos tu informaci\u00f3n<\/strong><\/p><ul><li>Utilizamos tus datos personales para:<\/li><li>Prestar servicios de corredur\u00eda de seguros<\/li><li>Cotizar, encuadernar y dar servicio a p\u00f3lizas de seguro<\/li><li>Tramitar reclamaciones y consultas sobre facturaci\u00f3n<\/li><li>Comunicarse contigo en relaci\u00f3n con tu cobertura<\/li><li>cumplir las obligaciones legales, reglamentarias y contractuales<\/li><\/ul><p><strong>Intercambio y divulgaci\u00f3n de informaci\u00f3n<\/strong><\/p><ul><li>No vendemos tu informaci\u00f3n personal.<\/li><li>No se compartir\u00e1 informaci\u00f3n sobre el n\u00famero de tel\u00e9fono\/m\u00f3vil con terceros\/afiliados con fines de marketing\/promoci\u00f3n. Todas las categor\u00edas anteriores excluyen los datos y el consentimiento del emisor de los mensajes de texto; esta informaci\u00f3n no se compartir\u00e1 con terceros.<\/li><\/ul><p>Podemos compartir tu informaci\u00f3n s\u00f3lo cuando sea necesario y lo permita la ley, incluyendo con:<\/p><ul><li>Compa\u00f1\u00edas de seguros y aseguradoras<\/li><li>Corredores mayoristas y agentes generales gestores<\/li><li>Proveedores de servicios que nos ayudan en el funcionamiento de nuestro negocio (por ejemplo, TI, contabilidad, cumplimiento)<\/li><li>Agencias gubernamentales o reguladores seg\u00fan lo exija la ley<\/li><li>Todos los terceros est\u00e1n obligados a mantener la confidencialidad de tu informaci\u00f3n.<\/li><\/ul><p><strong>Salvaguardar tu informaci\u00f3n<\/strong><\/p><p>Mantenemos medidas de seguridad f\u00edsicas, electr\u00f3nicas y de procedimiento dise\u00f1adas para proteger tu informaci\u00f3n personal frente al acceso, uso o divulgaci\u00f3n no autorizados. El acceso a la informaci\u00f3n personal est\u00e1 limitado a los empleados y socios que la necesitan para desempe\u00f1ar sus responsabilidades laborales.<\/p><p><strong>Conservaci\u00f3n de la informaci\u00f3n<\/strong><\/p><p>Conservamos la informaci\u00f3n personal s\u00f3lo durante el tiempo necesario para cumplir los fines descritos en esta pol\u00edtica o seg\u00fan lo exija la ley y los requisitos reglamentarios de mantenimiento de registros.<\/p><p><strong>Tus derechos y opciones<\/strong><\/p><p>Puedes tener derecho a:<\/p><ul><li>Acceder a tus datos personales o solicitar que se corrijan<\/li><li>Solicitar limitaciones a determinadas divulgaciones cuando lo permita la ley<\/li><li>Para ejercer estos derechos, ponte en contacto con nosotros utilizando la informaci\u00f3n que figura a continuaci\u00f3n.<\/li><\/ul><p><strong>Cambios en esta Pol\u00edtica de Privacidad<\/strong><\/p><p>Podemos actualizar esta Pol\u00edtica de Privacidad de vez en cuando. Cualquier cambio entrar\u00e1 en vigor cuando se publique o distribuya la pol\u00edtica revisada.<\/p><p><strong>Informaci\u00f3n de contacto<\/strong><\/p><p>Si tienes alguna pregunta sobre esta Pol\u00edtica de Privacidad o sobre nuestras pr\u00e1cticas de informaci\u00f3n, ponte en contacto con nosotros:<\/p><p>Grupo Sosa Insurance Group Inc.<br>362 Franklin Street<br>Bloomfield, NJ 07003<br><a href=\"mailto:info@grupo-sosa.com\">info@grupo-sosa.com<\/a><\/p>\t\t\t\t\t\t\t\t<\/div>\n\t\t\t\t\t<\/div>\n\t\t\t\t<\/div>\n\t\t\t\t<\/div>\n\t\t","protected":false},"excerpt":{"rendered":"<p>Pol\u00edtica de privacidad Grupo Sosa Insurance Group Inc. se compromete a proteger la privacidad y confidencialidad de la informaci\u00f3n personal [&hellip;]<\/p>\n","protected":false},"author":2,"featured_media":0,"parent":0,"menu_order":0,"comment_status":"closed","ping_status":"closed","template":"","meta":{"site-sidebar-layout":"no-sidebar","site-content-layout":"","ast-site-content-layout":"full-width-container","site-content-style":"default","site-sidebar-style":"default","ast-global-header-display":"","ast-banner-title-visibility":"","ast-main-header-display":"","ast-hfb-above-header-display":"","ast-hfb-below-header-display":"","ast-hfb-mobile-header-display":"","site-post-title":"disabled","ast-breadcrumbs-content":"","ast-featured-img":"disabled","footer-sml-layout":"","ast-disable-related-posts":"","theme-transparent-header-meta":"","adv-header-id-meta":"","stick-header-meta":"","header-above-stick-meta":"","header-main-stick-meta":"","header-below-stick-meta":"","astra-migrate-meta-layouts":"default","ast-page-background-enabled":"default","ast-page-background-meta":{"desktop":{"background-color":"var(--ast-global-color-5)","background-image":"","background-repeat":"repeat","background-position":"center center","background-size":"auto","background-attachment":"scroll","background-type":"","background-media":"","overlay-type":"","overlay-color":"","overlay-opacity":"","overlay-gradient":""},"tablet":{"background-color":"","background-image":"","background-repeat":"repeat","background-position":"center center","background-size":"auto","background-attachment":"scroll","background-type":"","background-media":"","overlay-type":"","overlay-color":"","overlay-opacity":"","overlay-gradient":""},"mobile":{"background-color":"","background-image":"","background-repeat":"repeat","background-position":"center center","background-size":"auto","background-attachment":"scroll","background-type":"","background-media":"","overlay-type":"","overlay-color":"","overlay-opacity":"","overlay-gradient":""}},"ast-content-background-meta":{"desktop":{"background-color":"var(--ast-global-color-4)","background-image":"","background-repeat":"repeat","background-position":"center center","background-size":"auto","background-attachment":"scroll","background-type":"","background-media":"","overlay-type":"","overlay-color":"","overlay-opacity":"","overlay-gradient":""},"tablet":{"background-color":"var(--ast-global-color-4)","background-image":"","background-repeat":"repeat","background-position":"center center","background-size":"auto","background-attachment":"scroll","background-type":"","background-media":"","overlay-type":"","overlay-color":"","overlay-opacity":"","overlay-gradient":""},"mobile":{"background-color":"var(--ast-global-color-4)","background-image":"","background-repeat":"repeat","background-position":"center center","background-size":"auto","background-attachment":"scroll","background-type":"","background-media":"","overlay-type":"","overlay-color":"","overlay-opacity":"","overlay-gradient":""}},"footnotes":""},"class_list":["post-2343","page","type-page","status-publish","hentry"],"_links":{"self":[{"href":"https:\/\/grupo-sosa.com\/es\/wp-json\/wp\/v2\/pages\/2343","targetHints":{"allow":["GET"]}}],"collection":[{"href":"https:\/\/grupo-sosa.com\/es\/wp-json\/wp\/v2\/pages"}],"about":[{"href":"https:\/\/grupo-sosa.com\/es\/wp-json\/wp\/v2\/types\/page"}],"author":[{"embeddable":true,"href":"https:\/\/grupo-sosa.com\/es\/wp-json\/wp\/v2\/users\/2"}],"replies":[{"embeddable":true,"href":"https:\/\/grupo-sosa.com\/es\/wp-json\/wp\/v2\/comments?post=2343"}],"version-history":[{"count":2,"href":"https:\/\/grupo-sosa.com\/es\/wp-json\/wp\/v2\/pages\/2343\/revisions"}],"predecessor-version":[{"id":2929,"href":"https:\/\/grupo-sosa.com\/es\/wp-json\/wp\/v2\/pages\/2343\/revisions\/2929"}],"wp:attachment":[{"href":"https:\/\/grupo-sosa.com\/es\/wp-json\/wp\/v2\/media?parent=2343"}],"curies":[{"name":"wp","href":"https:\/\/api.w.org\/{rel}","templated":true}]}}