{"id":2367,"date":"2025-11-24T10:59:29","date_gmt":"2025-11-24T10:59:29","guid":{"rendered":"https:\/\/grupo-sosa.com\/consideraciones-sobre-el-seguro-para-pequenas-empresas\/"},"modified":"2025-12-23T05:28:21","modified_gmt":"2025-12-23T05:28:21","slug":"consideraciones-sobre-el-seguro-para-pequenas-empresas","status":"publish","type":"page","link":"https:\/\/grupo-sosa.com\/es\/productos-de-seguros\/seguro-de-empresa\/consideraciones-sobre-el-seguro-para-pequenas-empresas\/","title":{"rendered":"Consideraciones sobre el seguro para peque\u00f1as empresas"},"content":{"rendered":"\t\t<div data-elementor-type=\"wp-page\" data-elementor-id=\"2367\" class=\"elementor elementor-2367 elementor-1607\" data-elementor-post-type=\"page\">\n\t\t\t\t<div data-particle_enable=\"false\" data-particle-mobile-disabled=\"false\" class=\"elementor-element elementor-element-a092f86 teamm-one inner-ser-sec e-flex e-con-boxed e-con e-parent\" data-id=\"a092f86\" data-element_type=\"container\" data-e-type=\"container\">\n\t\t\t\t\t<div class=\"e-con-inner\">\n\t\t<div data-particle_enable=\"false\" data-particle-mobile-disabled=\"false\" class=\"elementor-element elementor-element-6b15243 e-con-full e-flex e-con e-child\" data-id=\"6b15243\" data-element_type=\"container\" data-e-type=\"container\">\n\t\t\t\t<div class=\"elementor-element elementor-element-cbe7378 elementor-widget elementor-widget-heading\" data-id=\"cbe7378\" data-element_type=\"widget\" data-e-type=\"widget\" data-widget_type=\"heading.default\">\n\t\t\t\t\t<h1 class=\"elementor-heading-title elementor-size-default\"><span style=\"color:#007382\">Consideraciones<\/span> <span style=\"color:#EB9352\">sobre el seguro para peque\u00f1as empresas<\/span><\/h1>\t\t\t\t<\/div>\n\t\t\t\t<\/div>\n\t\t<div data-particle_enable=\"false\" data-particle-mobile-disabled=\"false\" class=\"elementor-element elementor-element-83b0c69 e-con-full e-flex e-con e-child\" data-id=\"83b0c69\" data-element_type=\"container\" data-e-type=\"container\">\n\t\t\t\t<div class=\"elementor-element elementor-element-3f2ce9a elementor-widget elementor-widget-text-editor\" data-id=\"3f2ce9a\" data-element_type=\"widget\" data-e-type=\"widget\" data-widget_type=\"text-editor.default\">\n\t\t\t\t\t\t\t\t\t<h3>Informaci\u00f3n general sobre la empresa<\/h3><ul><li>\u00bfCu\u00e1l es la naturaleza de su negocio (servicio, venta minorista, fabricaci\u00f3n)?<\/li><li>\u00bfOpera desde una ubicaci\u00f3n f\u00edsica o de forma remota?<\/li><li>\u00bfTiene empleados?<\/li><\/ul>\t\t\t\t\t\t\t\t<\/div>\n\t\t\t\t<\/div>\n\t\t\t\t\t<\/div>\n\t\t\t\t<\/div>\n\t\t<div data-particle_enable=\"false\" data-particle-mobile-disabled=\"false\" class=\"elementor-element elementor-element-74e88ae inner-service-img e-flex e-con-boxed e-con e-parent\" data-id=\"74e88ae\" data-element_type=\"container\" data-e-type=\"container\">\n\t\t\t\t\t<div class=\"e-con-inner\">\n\t\t\t\t<div class=\"elementor-element elementor-element-935a9c5 elementor-widget elementor-widget-image\" data-id=\"935a9c5\" data-element_type=\"widget\" data-e-type=\"widget\" data-widget_type=\"image.default\">\n\t\t\t\t\t\t\t\t\t\t\t\t\t\t\t<img fetchpriority=\"high\" decoding=\"async\" width=\"1024\" height=\"313\" src=\"https:\/\/grupo-sosa.com\/wp-content\/uploads\/2025\/11\/Small-Business-Insurance-image-1024x313.jpg\" class=\"attachment-large size-large wp-image-2369\" alt=\"Small-Business-Insurance-image\" srcset=\"https:\/\/grupo-sosa.com\/wp-content\/uploads\/2025\/11\/Small-Business-Insurance-image-1024x313.jpg 1024w, https:\/\/grupo-sosa.com\/wp-content\/uploads\/2025\/11\/Small-Business-Insurance-image-300x92.jpg 300w, https:\/\/grupo-sosa.com\/wp-content\/uploads\/2025\/11\/Small-Business-Insurance-image-768x235.jpg 768w, https:\/\/grupo-sosa.com\/wp-content\/uploads\/2025\/11\/Small-Business-Insurance-image.jpg 1340w\" sizes=\"(max-width: 1024px) 100vw, 1024px\" \/>\t\t\t\t\t\t\t\t\t\t\t\t\t\t\t<\/div>\n\t\t\t\t\t<\/div>\n\t\t\t\t<\/div>\n\t\t<div data-particle_enable=\"false\" data-particle-mobile-disabled=\"false\" class=\"elementor-element elementor-element-44784b5 inner-ser-cont e-flex e-con-boxed e-con e-parent\" data-id=\"44784b5\" data-element_type=\"container\" data-e-type=\"container\">\n\t\t\t\t\t<div class=\"e-con-inner\">\n\t\t<div data-particle_enable=\"false\" data-particle-mobile-disabled=\"false\" class=\"elementor-element elementor-element-b24008d e-con-full e-flex e-con e-child\" data-id=\"b24008d\" data-element_type=\"container\" data-e-type=\"container\">\n\t\t\t\t<div class=\"elementor-element elementor-element-79e2384 elementor-widget elementor-widget-text-editor\" data-id=\"79e2384\" data-element_type=\"widget\" data-e-type=\"widget\" data-widget_type=\"text-editor.default\">\n\t\t\t\t\t\t\t\t\t<h3>Coberturas principales<\/h3><h4>Seguro de responsabilidad civil general<\/h4><p>Protege contra reclamaciones de terceros por lesiones corporales, da\u00f1os a la propiedad y da\u00f1os personales.<\/p><h4>Seguro de propiedad comercial<\/h4><p>Cubre su edificio, equipo, inventario y mobiliario contra incendios, robos y desastres.<\/p><h4>Seguro de interrupci\u00f3n de la actividad comercial<\/h4><p>Proporciona un reemplazo de ingresos si su empresa se ve obligada a cerrar temporalmente.<\/p>\t\t\t\t\t\t\t\t<\/div>\n\t\t\t\t<\/div>\n\t\t<div data-particle_enable=\"false\" data-particle-mobile-disabled=\"false\" class=\"elementor-element elementor-element-3f000f9 e-con-full e-flex e-con e-child\" data-id=\"3f000f9\" data-element_type=\"container\" data-e-type=\"container\">\n\t\t\t\t<div class=\"elementor-element elementor-element-03ecb42 elementor-widget elementor-widget-text-editor\" data-id=\"03ecb42\" data-element_type=\"widget\" data-e-type=\"widget\" data-widget_type=\"text-editor.default\">\n\t\t\t\t\t\t\t\t\t<h3>Cobertura relacionada con los empleados<\/h3><h4>Seguro de compensaci\u00f3n para trabajadores<\/h4><p>Obligatorio en la mayor\u00eda de los estados; cubre las lesiones de los empleados y la p\u00e9rdida de salarios.<\/p><h4>Seguro de responsabilidad civil por pr\u00e1cticas laborales (EPLI)<\/h4><p>Protege contra reclamaciones de discriminaci\u00f3n, acoso o despido improcedente.<\/p>\t\t\t\t\t\t\t\t<\/div>\n\t\t\t\t<\/div>\n\t\t\t\t\t<\/div>\n\t\t\t\t<\/div>\n\t\t<div data-particle_enable=\"false\" data-particle-mobile-disabled=\"false\" class=\"elementor-element elementor-element-da37393 inner-ser-cont e-flex e-con-boxed e-con e-parent\" data-id=\"da37393\" data-element_type=\"container\" data-e-type=\"container\">\n\t\t\t\t\t<div class=\"e-con-inner\">\n\t\t<div data-particle_enable=\"false\" data-particle-mobile-disabled=\"false\" class=\"elementor-element elementor-element-c09b7fb e-con-full e-flex e-con e-child\" data-id=\"c09b7fb\" data-element_type=\"container\" data-e-type=\"container\">\n\t\t\t\t<div class=\"elementor-element elementor-element-24f98b3 elementor-widget elementor-widget-text-editor\" data-id=\"24f98b3\" data-element_type=\"widget\" data-e-type=\"widget\" data-widget_type=\"text-editor.default\">\n\t\t\t\t\t\t\t\t\t<h3>Cobertura profesional y espec\u00edfica del sector<\/h3><h4>Responsabilidad profesional (errores y omisiones)<\/h4><p>Necesario si proporciona servicios o asesoramiento profesional.<\/p><h4>Seguro de responsabilidad civil por productos<\/h4><p>Esencial si fabrica o vende productos.<\/p>\t\t\t\t\t\t\t\t<\/div>\n\t\t\t\t<\/div>\n\t\t<div data-particle_enable=\"false\" data-particle-mobile-disabled=\"false\" class=\"elementor-element elementor-element-27bb9c7 e-con-full e-flex e-con e-child\" data-id=\"27bb9c7\" data-element_type=\"container\" data-e-type=\"container\">\n\t\t\t\t<div class=\"elementor-element elementor-element-913a100 elementor-widget elementor-widget-text-editor\" data-id=\"913a100\" data-element_type=\"widget\" data-e-type=\"widget\" data-widget_type=\"text-editor.default\">\n\t\t\t\t\t\t\t\t\t<h3>Veh\u00edculos y transporte<\/h3><h4>Seguro de auto comercial<\/h4><p>Cubre los veh\u00edculos utilizados con fines comerciales.<\/p><h4>Seguro de transporte terrestre<\/h4><p>Protege los bienes en tr\u00e1nsito o los equipos m\u00f3viles.<\/p>\t\t\t\t\t\t\t\t<\/div>\n\t\t\t\t<\/div>\n\t\t\t\t\t<\/div>\n\t\t\t\t<\/div>\n\t\t<div data-particle_enable=\"false\" data-particle-mobile-disabled=\"false\" class=\"elementor-element elementor-element-d779d94 inner-ser-cont e-flex e-con-boxed e-con e-parent\" data-id=\"d779d94\" data-element_type=\"container\" data-e-type=\"container\">\n\t\t\t\t\t<div class=\"e-con-inner\">\n\t\t<div data-particle_enable=\"false\" data-particle-mobile-disabled=\"false\" class=\"elementor-element elementor-element-0bffda0 e-con-full e-flex e-con e-child\" data-id=\"0bffda0\" data-element_type=\"container\" data-e-type=\"container\">\n\t\t\t\t<div class=\"elementor-element elementor-element-97cfa7d elementor-widget elementor-widget-text-editor\" data-id=\"97cfa7d\" data-element_type=\"widget\" data-e-type=\"widget\" data-widget_type=\"text-editor.default\">\n\t\t\t\t\t\t\t\t\t<h3>Tecnolog\u00eda y datos<\/h3><h4>Seguro de responsabilidad cibern\u00e9tica<\/h4><p>Cubre las filtraciones de datos, los ciberataques y los costes de recuperaci\u00f3n.<\/p>\t\t\t\t\t\t\t\t<\/div>\n\t\t\t\t<\/div>\n\t\t<div data-particle_enable=\"false\" data-particle-mobile-disabled=\"false\" class=\"elementor-element elementor-element-ca25362 e-con-full e-flex e-con e-child\" data-id=\"ca25362\" data-element_type=\"container\" data-e-type=\"container\">\n\t\t\t\t<div class=\"elementor-element elementor-element-30f9300 elementor-widget elementor-widget-text-editor\" data-id=\"30f9300\" data-element_type=\"widget\" data-e-type=\"widget\" data-widget_type=\"text-editor.default\">\n\t\t\t\t\t\t\t\t\t<h3>Liderazgo y protecci\u00f3n financiera<\/h3><h4>Seguro de directores y ejecutivos (D&amp;O)<\/h4><p>Protege a los l\u00edderes de la empresa de la responsabilidad personal por las decisiones empresariales.<\/p><h4>Seguro de responsabilidad civil general<\/h4><p>A\u00f1ade una cobertura de responsabilidad civil adicional m\u00e1s all\u00e1 de los l\u00edmites de la p\u00f3liza est\u00e1ndar.<\/p><h4>Seguro para personas clave<\/h4><p>Cubre la p\u00e9rdida financiera si un empleado o propietario fundamental fallece o queda incapacitado.<\/p>\t\t\t\t\t\t\t\t<\/div>\n\t\t\t\t<\/div>\n\t\t\t\t\t<\/div>\n\t\t\t\t<\/div>\n\t\t<div data-particle_enable=\"false\" data-particle-mobile-disabled=\"false\" class=\"elementor-element elementor-element-8501168 optional-sec e-flex e-con-boxed e-con e-parent\" data-id=\"8501168\" data-element_type=\"container\" data-e-type=\"container\">\n\t\t\t\t\t<div class=\"e-con-inner\">\n\t\t<div data-particle_enable=\"false\" data-particle-mobile-disabled=\"false\" class=\"elementor-element elementor-element-7c54b46 e-con-full e-flex e-con e-child\" data-id=\"7c54b46\" data-element_type=\"container\" data-e-type=\"container\">\n\t\t\t\t<div class=\"elementor-element elementor-element-4343b3c elementor-widget elementor-widget-text-editor\" data-id=\"4343b3c\" data-element_type=\"widget\" data-e-type=\"widget\" data-widget_type=\"text-editor.default\">\n\t\t\t\t\t\t\t\t\t<h2>Consideraciones adicionales<\/h2>\t\t\t\t\t\t\t\t<\/div>\n\t\t\t\t<\/div>\n\t\t<div data-particle_enable=\"false\" data-particle-mobile-disabled=\"false\" class=\"elementor-element elementor-element-ae6798a e-con-full e-flex e-con e-child\" data-id=\"ae6798a\" data-element_type=\"container\" data-e-type=\"container\">\n\t\t\t\t<div class=\"elementor-element elementor-element-3897962 elementor-widget elementor-widget-text-editor\" data-id=\"3897962\" data-element_type=\"widget\" data-e-type=\"widget\" data-widget_type=\"text-editor.default\">\n\t\t\t\t\t\t\t\t\t<ul><li>\u00bfNecesita cobertura para operaciones internacionales?<\/li><\/ul>\t\t\t\t\t\t\t\t<\/div>\n\t\t\t\t<\/div>\n\t\t<div data-particle_enable=\"false\" data-particle-mobile-disabled=\"false\" class=\"elementor-element elementor-element-e7f3da4 e-con-full e-flex e-con e-child\" data-id=\"e7f3da4\" data-element_type=\"container\" data-e-type=\"container\">\n\t\t\t\t<div class=\"elementor-element elementor-element-2e11b28 elementor-widget elementor-widget-text-editor\" data-id=\"2e11b28\" data-element_type=\"widget\" data-e-type=\"widget\" data-widget_type=\"text-editor.default\">\n\t\t\t\t\t\t\t\t\t<ul><li>\u00bfExisten normativas espec\u00edficas del sector que exijan un seguro determinado?<\/li><\/ul>\t\t\t\t\t\t\t\t<\/div>\n\t\t\t\t<\/div>\n\t\t<div data-particle_enable=\"false\" data-particle-mobile-disabled=\"false\" class=\"elementor-element elementor-element-fa300f5 e-con-full e-flex e-con e-child\" data-id=\"fa300f5\" data-element_type=\"container\" data-e-type=\"container\">\n\t\t\t\t<div class=\"elementor-element elementor-element-6ad2fd2 elementor-widget elementor-widget-text-editor\" data-id=\"6ad2fd2\" data-element_type=\"widget\" data-e-type=\"widget\" data-widget_type=\"text-editor.default\">\n\t\t\t\t\t\t\t\t\t<ul><li>\u00bfHa revisado recientemente los l\u00edmites de la p\u00f3liza y las franquicias?<\/li><\/ul>\t\t\t\t\t\t\t\t<\/div>\n\t\t\t\t<\/div>\n\t\t<div data-particle_enable=\"false\" data-particle-mobile-disabled=\"false\" class=\"elementor-element elementor-element-76fa680 e-con-full e-flex e-con e-child\" data-id=\"76fa680\" data-element_type=\"container\" data-e-type=\"container\">\n\t\t\t\t<\/div>\n\t\t\t\t\t<\/div>\n\t\t\t\t<\/div>\n\t\t\t\t<\/div>\n\t\t","protected":false},"excerpt":{"rendered":"<p>Consideraciones sobre el seguro para peque\u00f1as empresas Informaci\u00f3n general sobre la empresa \u00bfCu\u00e1l es la naturaleza de su negocio (servicio, [&hellip;]<\/p>\n","protected":false},"author":2,"featured_media":0,"parent":2442,"menu_order":0,"comment_status":"closed","ping_status":"closed","template":"","meta":{"site-sidebar-layout":"no-sidebar","site-content-layout":"","ast-site-content-layout":"full-width-container","site-content-style":"default","site-sidebar-style":"default","ast-global-header-display":"","ast-banner-title-visibility":"","ast-main-header-display":"","ast-hfb-above-header-display":"","ast-hfb-below-header-display":"","ast-hfb-mobile-header-display":"","site-post-title":"disabled","ast-breadcrumbs-content":"","ast-featured-img":"disabled","footer-sml-layout":"","ast-disable-related-posts":"","theme-transparent-header-meta":"","adv-header-id-meta":"","stick-header-meta":"","header-above-stick-meta":"","header-main-stick-meta":"","header-below-stick-meta":"","astra-migrate-meta-layouts":"default","ast-page-background-enabled":"default","ast-page-background-meta":{"desktop":{"background-color":"var(--ast-global-color-5)","background-image":"","background-repeat":"repeat","background-position":"center center","background-size":"auto","background-attachment":"scroll","background-type":"","background-media":"","overlay-type":"","overlay-color":"","overlay-opacity":"","overlay-gradient":""},"tablet":{"background-color":"","background-image":"","background-repeat":"repeat","background-position":"center center","background-size":"auto","background-attachment":"scroll","background-type":"","background-media":"","overlay-type":"","overlay-color":"","overlay-opacity":"","overlay-gradient":""},"mobile":{"background-color":"","background-image":"","background-repeat":"repeat","background-position":"center center","background-size":"auto","background-attachment":"scroll","background-type":"","background-media":"","overlay-type":"","overlay-color":"","overlay-opacity":"","overlay-gradient":""}},"ast-content-background-meta":{"desktop":{"background-color":"var(--ast-global-color-4)","background-image":"","background-repeat":"repeat","background-position":"center center","background-size":"auto","background-attachment":"scroll","background-type":"","background-media":"","overlay-type":"","overlay-color":"","overlay-opacity":"","overlay-gradient":""},"tablet":{"background-color":"var(--ast-global-color-4)","background-image":"","background-repeat":"repeat","background-position":"center center","background-size":"auto","background-attachment":"scroll","background-type":"","background-media":"","overlay-type":"","overlay-color":"","overlay-opacity":"","overlay-gradient":""},"mobile":{"background-color":"var(--ast-global-color-4)","background-image":"","background-repeat":"repeat","background-position":"center center","background-size":"auto","background-attachment":"scroll","background-type":"","background-media":"","overlay-type":"","overlay-color":"","overlay-opacity":"","overlay-gradient":""}},"footnotes":""},"class_list":["post-2367","page","type-page","status-publish","hentry"],"_links":{"self":[{"href":"https:\/\/grupo-sosa.com\/es\/wp-json\/wp\/v2\/pages\/2367","targetHints":{"allow":["GET"]}}],"collection":[{"href":"https:\/\/grupo-sosa.com\/es\/wp-json\/wp\/v2\/pages"}],"about":[{"href":"https:\/\/grupo-sosa.com\/es\/wp-json\/wp\/v2\/types\/page"}],"author":[{"embeddable":true,"href":"https:\/\/grupo-sosa.com\/es\/wp-json\/wp\/v2\/users\/2"}],"replies":[{"embeddable":true,"href":"https:\/\/grupo-sosa.com\/es\/wp-json\/wp\/v2\/comments?post=2367"}],"version-history":[{"count":1,"href":"https:\/\/grupo-sosa.com\/es\/wp-json\/wp\/v2\/pages\/2367\/revisions"}],"predecessor-version":[{"id":2370,"href":"https:\/\/grupo-sosa.com\/es\/wp-json\/wp\/v2\/pages\/2367\/revisions\/2370"}],"up":[{"embeddable":true,"href":"https:\/\/grupo-sosa.com\/es\/wp-json\/wp\/v2\/pages\/2442"}],"wp:attachment":[{"href":"https:\/\/grupo-sosa.com\/es\/wp-json\/wp\/v2\/media?parent=2367"}],"curies":[{"name":"wp","href":"https:\/\/api.w.org\/{rel}","templated":true}]}}