{"id":2391,"date":"2025-10-13T14:14:36","date_gmt":"2025-10-13T14:14:36","guid":{"rendered":"https:\/\/grupo-sosa.com\/seguro-de-salud\/"},"modified":"2025-12-26T07:32:37","modified_gmt":"2025-12-26T07:32:37","slug":"seguro-de-salud","status":"publish","type":"page","link":"https:\/\/grupo-sosa.com\/es\/productos-de-seguros\/seguro-de-salud\/","title":{"rendered":"Seguro de salud"},"content":{"rendered":"\t\t<div data-elementor-type=\"wp-page\" data-elementor-id=\"2391\" class=\"elementor elementor-2391 elementor-562\" data-elementor-post-type=\"page\">\n\t\t\t\t<div data-particle_enable=\"false\" data-particle-mobile-disabled=\"false\" class=\"elementor-element elementor-element-6d882c7 teamm-one inner-ser-sec e-flex e-con-boxed e-con e-parent\" data-id=\"6d882c7\" data-element_type=\"container\" data-e-type=\"container\">\n\t\t\t\t\t<div class=\"e-con-inner\">\n\t\t<div data-particle_enable=\"false\" data-particle-mobile-disabled=\"false\" class=\"elementor-element elementor-element-85c74f7 e-con-full e-flex e-con e-child\" data-id=\"85c74f7\" data-element_type=\"container\" data-e-type=\"container\">\n\t\t\t\t<div class=\"elementor-element elementor-element-e7b7641 elementor-widget elementor-widget-heading\" data-id=\"e7b7641\" data-element_type=\"widget\" data-e-type=\"widget\" data-widget_type=\"heading.default\">\n\t\t\t\t\t<h1 class=\"elementor-heading-title elementor-size-default\"><span style=\"color:#007382\">Seguro <\/span> <span style=\"color:#EB9352\">de salud<\/span><\/h1>\t\t\t\t<\/div>\n\t\t\t\t<\/div>\n\t\t<div data-particle_enable=\"false\" data-particle-mobile-disabled=\"false\" class=\"elementor-element elementor-element-f03ea82 e-con-full e-flex e-con e-child\" data-id=\"f03ea82\" data-element_type=\"container\" data-e-type=\"container\">\n\t\t\t\t<div class=\"elementor-element elementor-element-c402b20 elementor-widget elementor-widget-text-editor\" data-id=\"c402b20\" data-element_type=\"widget\" data-e-type=\"widget\" data-widget_type=\"text-editor.default\">\n\t\t\t\t\t\t\t\t\t<p><strong>Grupo Sosa Insurance<\/strong> tiene el privilegio de asociarse con Meg McGinn, fundadora y presidenta de Osprey Health, una empresa de consultor\u00eda de beneficios para empleados de servicio completo con presencia nacional y local en Berwyn, PA y Linwood, NJ. En Grupo Sosa Insurance, conocemos la profesionalidad y la dedicaci\u00f3n de Osprey Health. Desde 2010, Osprey Health se ha asociado con empleadores en 38 estados para ofrecer un servicio de guante blanco, planificaci\u00f3n estrat\u00e9gica de beneficios y soluciones personalizadas de seguro de salud que impulsan el bienestar y la retenci\u00f3n de la fuerza laboral.<\/p>\t\t\t\t\t\t\t\t<\/div>\n\t\t\t\t<\/div>\n\t\t\t\t\t<\/div>\n\t\t\t\t<\/div>\n\t\t<div data-particle_enable=\"false\" data-particle-mobile-disabled=\"false\" class=\"elementor-element elementor-element-ad4ad64 inner-service-img e-flex e-con-boxed e-con e-parent\" data-id=\"ad4ad64\" data-element_type=\"container\" data-e-type=\"container\">\n\t\t\t\t\t<div class=\"e-con-inner\">\n\t\t\t\t<div class=\"elementor-element elementor-element-4bc2a8f elementor-widget elementor-widget-image\" data-id=\"4bc2a8f\" data-element_type=\"widget\" data-e-type=\"widget\" data-widget_type=\"image.default\">\n\t\t\t\t\t\t\t\t\t\t\t\t\t\t\t<img fetchpriority=\"high\" decoding=\"async\" width=\"1024\" height=\"313\" src=\"https:\/\/grupo-sosa.com\/wp-content\/uploads\/2025\/12\/health-insurance-1024x313.jpg\" class=\"attachment-large size-large wp-image-2392\" alt=\"seguro-de-salud\" srcset=\"https:\/\/grupo-sosa.com\/wp-content\/uploads\/2025\/12\/health-insurance-1024x313.jpg 1024w, https:\/\/grupo-sosa.com\/wp-content\/uploads\/2025\/12\/health-insurance-300x92.jpg 300w, https:\/\/grupo-sosa.com\/wp-content\/uploads\/2025\/12\/health-insurance-768x235.jpg 768w, https:\/\/grupo-sosa.com\/wp-content\/uploads\/2025\/12\/health-insurance.jpg 1340w\" sizes=\"(max-width: 1024px) 100vw, 1024px\" \/>\t\t\t\t\t\t\t\t\t\t\t\t\t\t\t<\/div>\n\t\t\t\t\t<\/div>\n\t\t\t\t<\/div>\n\t\t<div data-particle_enable=\"false\" data-particle-mobile-disabled=\"false\" class=\"elementor-element elementor-element-7331308 inner-ser-cont-title e-flex e-con-boxed e-con e-parent\" data-id=\"7331308\" data-element_type=\"container\" data-e-type=\"container\">\n\t\t\t\t\t<div class=\"e-con-inner\">\n\t\t\t\t<div class=\"elementor-element elementor-element-c7e617c elementor-widget elementor-widget-text-editor\" data-id=\"c7e617c\" data-element_type=\"widget\" data-e-type=\"widget\" data-widget_type=\"text-editor.default\">\n\t\t\t\t\t\t\t\t\t<div>Se especializan en planes de seguro m\u00e9dico grupal, servicios de conserjer\u00eda de Medicare y programas de bienestar corporativo adaptados a las necesidades de las peque\u00f1as empresas, los empleadores multiestatales y los miembros de la C\u00e1mara de Comercio. Las profundas relaciones de Osprey con los proveedores de seguros de salud y la informaci\u00f3n basada en datos les permiten dise\u00f1ar soluciones de seguro de salud asequibles que equilibran la contenci\u00f3n de costos, el cumplimiento y la participaci\u00f3n de los empleados.<\/div><div> <\/div><div>Ya sea que est\u00e9 buscando comparar planes de seguro m\u00e9dico grupal, navegar por la inscripci\u00f3n en Medicare u optimizar su estrategia de beneficios para empleados, Osprey Health le brinda la claridad, la confianza y la personalizaci\u00f3n que necesita. Nuestros servicios incluyen:<\/div><ul><li>Beneficios para empleados para peque\u00f1as empresas<\/li><li>Cumplimiento y administraci\u00f3n de beneficios<\/li><li>Estrategias de acuerdos de financiaci\u00f3n<\/li><li>Soluciones de beneficios voluntarios<\/li><li>Dise\u00f1o de planes creativos y evaluaci\u00f3n comparativa<\/li><li>Programas de bienestar y participaci\u00f3n de la fuerza laboral<\/li><li>Equipo de administraci\u00f3n de cuentas dedicado <\/li><\/ul><div>Como corredor de seguros de salud de confianza en el \u00e1rea triestatal, Osprey Health puede capacitar a su equipo para que tome decisiones informadas sobre el cuidado de la salud al tiempo que garantiza que su empresa siga siendo competitiva y cumpla con las normas.<\/div><div>P\u00f3ngase en contacto con Osprey Health hoy mismo en<a title=\"mailto:info@ospreyhealth.com\" href=\"mailto:info@ospreyhealth.com\" target=\"_blank\" rel=\"noopener\"> i<u>nfo@ospreyhealth.com<\/u><\/a> o en el <a href=\"tel:(484)%20471-7281\">(484) 471-7281<\/a> para saber c\u00f3mo pueden mejorar su experiencia de beneficios para empleados.<u><\/u><\/div>\t\t\t\t\t\t\t\t<\/div>\n\t\t\t\t<div class=\"elementor-element elementor-element-1545893 elementor-align-center elementor-hidden-tablet elementor-widget elementor-widget-button\" data-id=\"1545893\" data-element_type=\"widget\" data-e-type=\"widget\" data-widget_type=\"button.default\">\n\t\t\t\t\t\t\t\t\t\t<a class=\"elementor-button elementor-button-link elementor-size-sm\" href=\"https:\/\/www.ospreyhealth.com\/gsicustomers\" target=\"_blank\">\n\t\t\t\t\t\t<span class=\"elementor-button-content-wrapper\">\n\t\t\t\t\t\t\t\t\t<span class=\"elementor-button-text\">M\u00e1s informaci\u00f3n<\/span>\n\t\t\t\t\t<\/span>\n\t\t\t\t\t<\/a>\n\t\t\t\t\t\t\t\t<\/div>\n\t\t\t\t\t<\/div>\n\t\t\t\t<\/div>\n\t\t\t\t<\/div>\n\t\t","protected":false},"excerpt":{"rendered":"<p>Seguro de salud Grupo Sosa Insurance tiene el privilegio de asociarse con Meg McGinn, fundadora y presidenta de Osprey Health, [&hellip;]<\/p>\n","protected":false},"author":2,"featured_media":0,"parent":2466,"menu_order":0,"comment_status":"closed","ping_status":"closed","template":"","meta":{"site-sidebar-layout":"no-sidebar","site-content-layout":"","ast-site-content-layout":"full-width-container","site-content-style":"default","site-sidebar-style":"default","ast-global-header-display":"","ast-banner-title-visibility":"","ast-main-header-display":"","ast-hfb-above-header-display":"","ast-hfb-below-header-display":"","ast-hfb-mobile-header-display":"","site-post-title":"disabled","ast-breadcrumbs-content":"","ast-featured-img":"disabled","footer-sml-layout":"","ast-disable-related-posts":"","theme-transparent-header-meta":"","adv-header-id-meta":"","stick-header-meta":"","header-above-stick-meta":"","header-main-stick-meta":"","header-below-stick-meta":"","astra-migrate-meta-layouts":"default","ast-page-background-enabled":"default","ast-page-background-meta":{"desktop":{"background-color":"var(--ast-global-color-5)","background-image":"","background-repeat":"repeat","background-position":"center center","background-size":"auto","background-attachment":"scroll","background-type":"","background-media":"","overlay-type":"","overlay-color":"","overlay-opacity":"","overlay-gradient":""},"tablet":{"background-color":"","background-image":"","background-repeat":"repeat","background-position":"center center","background-size":"auto","background-attachment":"scroll","background-type":"","background-media":"","overlay-type":"","overlay-color":"","overlay-opacity":"","overlay-gradient":""},"mobile":{"background-color":"","background-image":"","background-repeat":"repeat","background-position":"center center","background-size":"auto","background-attachment":"scroll","background-type":"","background-media":"","overlay-type":"","overlay-color":"","overlay-opacity":"","overlay-gradient":""}},"ast-content-background-meta":{"desktop":{"background-color":"var(--ast-global-color-4)","background-image":"","background-repeat":"repeat","background-position":"center center","background-size":"auto","background-attachment":"scroll","background-type":"","background-media":"","overlay-type":"","overlay-color":"","overlay-opacity":"","overlay-gradient":""},"tablet":{"background-color":"var(--ast-global-color-4)","background-image":"","background-repeat":"repeat","background-position":"center center","background-size":"auto","background-attachment":"scroll","background-type":"","background-media":"","overlay-type":"","overlay-color":"","overlay-opacity":"","overlay-gradient":""},"mobile":{"background-color":"var(--ast-global-color-4)","background-image":"","background-repeat":"repeat","background-position":"center center","background-size":"auto","background-attachment":"scroll","background-type":"","background-media":"","overlay-type":"","overlay-color":"","overlay-opacity":"","overlay-gradient":""}},"footnotes":""},"class_list":["post-2391","page","type-page","status-publish","hentry"],"_links":{"self":[{"href":"https:\/\/grupo-sosa.com\/es\/wp-json\/wp\/v2\/pages\/2391","targetHints":{"allow":["GET"]}}],"collection":[{"href":"https:\/\/grupo-sosa.com\/es\/wp-json\/wp\/v2\/pages"}],"about":[{"href":"https:\/\/grupo-sosa.com\/es\/wp-json\/wp\/v2\/types\/page"}],"author":[{"embeddable":true,"href":"https:\/\/grupo-sosa.com\/es\/wp-json\/wp\/v2\/users\/2"}],"replies":[{"embeddable":true,"href":"https:\/\/grupo-sosa.com\/es\/wp-json\/wp\/v2\/comments?post=2391"}],"version-history":[{"count":2,"href":"https:\/\/grupo-sosa.com\/es\/wp-json\/wp\/v2\/pages\/2391\/revisions"}],"predecessor-version":[{"id":2677,"href":"https:\/\/grupo-sosa.com\/es\/wp-json\/wp\/v2\/pages\/2391\/revisions\/2677"}],"up":[{"embeddable":true,"href":"https:\/\/grupo-sosa.com\/es\/wp-json\/wp\/v2\/pages\/2466"}],"wp:attachment":[{"href":"https:\/\/grupo-sosa.com\/es\/wp-json\/wp\/v2\/media?parent=2391"}],"curies":[{"name":"wp","href":"https:\/\/api.w.org\/{rel}","templated":true}]}}