{"id":2400,"date":"2025-10-13T14:09:35","date_gmt":"2025-10-13T14:09:35","guid":{"rendered":"https:\/\/grupo-sosa.com\/seguro-de-auto\/"},"modified":"2025-12-23T11:39:28","modified_gmt":"2025-12-23T11:39:28","slug":"seguro-de-auto","status":"publish","type":"page","link":"https:\/\/grupo-sosa.com\/es\/productos-de-seguros\/seguro-de-auto\/","title":{"rendered":"Seguro de auto"},"content":{"rendered":"\t\t<div data-elementor-type=\"wp-page\" data-elementor-id=\"2400\" class=\"elementor elementor-2400 elementor-546\" data-elementor-post-type=\"page\">\n\t\t\t\t<div data-particle_enable=\"false\" data-particle-mobile-disabled=\"false\" class=\"elementor-element elementor-element-33793da teamm-one inner-ser-sec e-flex e-con-boxed e-con e-parent\" data-id=\"33793da\" data-element_type=\"container\" data-e-type=\"container\">\n\t\t\t\t\t<div class=\"e-con-inner\">\n\t\t<div data-particle_enable=\"false\" data-particle-mobile-disabled=\"false\" class=\"elementor-element elementor-element-f292662 e-con-full e-flex e-con e-child\" data-id=\"f292662\" data-element_type=\"container\" data-e-type=\"container\">\n\t\t\t\t<div class=\"elementor-element elementor-element-ad699ca elementor-widget elementor-widget-heading\" data-id=\"ad699ca\" data-element_type=\"widget\" data-e-type=\"widget\" data-widget_type=\"heading.default\">\n\t\t\t\t\t<h1 class=\"elementor-heading-title elementor-size-default\"><span style=\"color:#007382\">Seguro de auto<\/span> <span style=\"color:#EB9352\">personal<\/span><\/h1>\t\t\t\t<\/div>\n\t\t\t\t<\/div>\n\t\t<div data-particle_enable=\"false\" data-particle-mobile-disabled=\"false\" class=\"elementor-element elementor-element-d3494e2 e-con-full e-flex e-con e-child\" data-id=\"d3494e2\" data-element_type=\"container\" data-e-type=\"container\">\n\t\t\t\t<div class=\"elementor-element elementor-element-d7d83c2 elementor-widget elementor-widget-text-editor\" data-id=\"d7d83c2\" data-element_type=\"widget\" data-e-type=\"widget\" data-widget_type=\"text-editor.default\">\n\t\t\t\t\t\t\t\t\t<p>El <strong>seguro de auto personal<\/strong> le proporciona protecci\u00f3n financiera a usted y a su veh\u00edculo en caso de accidentes, robos u otros eventos inesperados. Ayuda a cubrir los costes relacionados con da\u00f1os a la propiedad, lesiones corporales y reclamaciones de responsabilidad civil.<\/p>\t\t\t\t\t\t\t\t<\/div>\n\t\t\t\t<\/div>\n\t\t\t\t\t<\/div>\n\t\t\t\t<\/div>\n\t\t<div data-particle_enable=\"false\" data-particle-mobile-disabled=\"false\" class=\"elementor-element elementor-element-8a8ed55 inner-service-img e-flex e-con-boxed e-con e-parent\" data-id=\"8a8ed55\" data-element_type=\"container\" data-e-type=\"container\">\n\t\t\t\t\t<div class=\"e-con-inner\">\n\t\t\t\t<div class=\"elementor-element elementor-element-b5562a4 elementor-widget elementor-widget-image\" data-id=\"b5562a4\" data-element_type=\"widget\" data-e-type=\"widget\" data-widget_type=\"image.default\">\n\t\t\t\t\t\t\t\t\t\t\t\t\t\t\t<img fetchpriority=\"high\" decoding=\"async\" width=\"1024\" height=\"313\" src=\"https:\/\/grupo-sosa.com\/wp-content\/uploads\/2025\/11\/auto-insurance-1024x313.jpg\" class=\"attachment-large size-large wp-image-2401\" alt=\"seguro-de-auto\" srcset=\"https:\/\/grupo-sosa.com\/wp-content\/uploads\/2025\/11\/auto-insurance-1024x313.jpg 1024w, https:\/\/grupo-sosa.com\/wp-content\/uploads\/2025\/11\/auto-insurance-300x92.jpg 300w, https:\/\/grupo-sosa.com\/wp-content\/uploads\/2025\/11\/auto-insurance-768x235.jpg 768w, https:\/\/grupo-sosa.com\/wp-content\/uploads\/2025\/11\/auto-insurance.jpg 1340w\" sizes=\"(max-width: 1024px) 100vw, 1024px\" \/>\t\t\t\t\t\t\t\t\t\t\t\t\t\t\t<\/div>\n\t\t\t\t\t<\/div>\n\t\t\t\t<\/div>\n\t\t<div data-particle_enable=\"false\" data-particle-mobile-disabled=\"false\" class=\"elementor-element elementor-element-052ef20 inner-ser-cont-title e-flex e-con-boxed e-con e-parent\" data-id=\"052ef20\" data-element_type=\"container\" data-e-type=\"container\">\n\t\t\t\t\t<div class=\"e-con-inner\">\n\t\t\t\t<div class=\"elementor-element elementor-element-6e2cb6b elementor-widget elementor-widget-text-editor\" data-id=\"6e2cb6b\" data-element_type=\"widget\" data-e-type=\"widget\" data-widget_type=\"text-editor.default\">\n\t\t\t\t\t\t\t\t\t<h2 style=\"text-align: left;\">Coberturas clave en el seguro de auto personal<\/h2>\t\t\t\t\t\t\t\t<\/div>\n\t\t\t\t\t<\/div>\n\t\t\t\t<\/div>\n\t\t<div data-particle_enable=\"false\" data-particle-mobile-disabled=\"false\" class=\"elementor-element elementor-element-d785509 inner-ser-cont e-flex e-con-boxed e-con e-parent\" data-id=\"d785509\" data-element_type=\"container\" data-e-type=\"container\">\n\t\t\t\t\t<div class=\"e-con-inner\">\n\t\t<div data-particle_enable=\"false\" data-particle-mobile-disabled=\"false\" class=\"elementor-element elementor-element-bf7ccea e-con-full e-flex e-con e-child\" data-id=\"bf7ccea\" data-element_type=\"container\" data-e-type=\"container\">\n\t\t\t\t<div class=\"elementor-element elementor-element-a1d8d11 elementor-widget elementor-widget-text-editor\" data-id=\"a1d8d11\" data-element_type=\"widget\" data-e-type=\"widget\" data-widget_type=\"text-editor.default\">\n\t\t\t\t\t\t\t\t\t<h3>Cobertura de responsabilidad civil (generalmente exigida por ley)<\/h3><h4>Responsabilidad civil por da\u00f1os corporales:<\/h4><p>Paga las lesiones a terceros si usted es culpable en un accidente.<\/p><h4>Responsabilidad civil por da\u00f1os a la propiedad:<\/h4><p>Cubre los da\u00f1os a la propiedad de otra persona (por ejemplo, su coche, valla).<\/p>\t\t\t\t\t\t\t\t<\/div>\n\t\t\t\t<\/div>\n\t\t<div data-particle_enable=\"false\" data-particle-mobile-disabled=\"false\" class=\"elementor-element elementor-element-a21d8d9 e-con-full e-flex e-con e-child\" data-id=\"a21d8d9\" data-element_type=\"container\" data-e-type=\"container\">\n\t\t\t\t<div class=\"elementor-element elementor-element-9d451d5 elementor-widget elementor-widget-text-editor\" data-id=\"9d451d5\" data-element_type=\"widget\" data-e-type=\"widget\" data-widget_type=\"text-editor.default\">\n\t\t\t\t\t\t\t\t\t<h3>Cobertura de colisi\u00f3n<\/h3><h4>Finalidad:<\/h4><p>Paga los da\u00f1os a su coche causados por una colisi\u00f3n con otro veh\u00edculo u objeto, independientemente de la culpa.<\/p>\t\t\t\t\t\t\t\t<\/div>\n\t\t\t\t<\/div>\n\t\t\t\t\t<\/div>\n\t\t\t\t<\/div>\n\t\t<div data-particle_enable=\"false\" data-particle-mobile-disabled=\"false\" class=\"elementor-element elementor-element-6ffd572 inner-ser-cont e-flex e-con-boxed e-con e-parent\" data-id=\"6ffd572\" data-element_type=\"container\" data-e-type=\"container\">\n\t\t\t\t\t<div class=\"e-con-inner\">\n\t\t<div data-particle_enable=\"false\" data-particle-mobile-disabled=\"false\" class=\"elementor-element elementor-element-9186fbc e-con-full e-flex e-con e-child\" data-id=\"9186fbc\" data-element_type=\"container\" data-e-type=\"container\">\n\t\t\t\t<div class=\"elementor-element elementor-element-0ca4b8a elementor-widget elementor-widget-text-editor\" data-id=\"0ca4b8a\" data-element_type=\"widget\" data-e-type=\"widget\" data-widget_type=\"text-editor.default\">\n\t\t\t\t\t\t\t\t\t<h3>Cobertura completa<\/h3><h4>Finalidad:<\/h4><p>Cubre los da\u00f1os no relacionados con la colisi\u00f3n, como robo, incendio, vandalismo, granizo o atropello de un animal.<\/p>\t\t\t\t\t\t\t\t<\/div>\n\t\t\t\t<\/div>\n\t\t<div data-particle_enable=\"false\" data-particle-mobile-disabled=\"false\" class=\"elementor-element elementor-element-a3150eb e-con-full e-flex e-con e-child\" data-id=\"a3150eb\" data-element_type=\"container\" data-e-type=\"container\">\n\t\t\t\t<div class=\"elementor-element elementor-element-2f31727 elementor-widget elementor-widget-text-editor\" data-id=\"2f31727\" data-element_type=\"widget\" data-e-type=\"widget\" data-widget_type=\"text-editor.default\">\n\t\t\t\t\t\t\t\t\t<h3>Cobertura para motoristas no asegurados o con seguro insuficiente<\/h3><h4>Finalidad:<\/h4><p>Le protege si le golpea un conductor sin seguro o con una cobertura insuficiente.<\/p>\t\t\t\t\t\t\t\t<\/div>\n\t\t\t\t<\/div>\n\t\t\t\t\t<\/div>\n\t\t\t\t<\/div>\n\t\t<div data-particle_enable=\"false\" data-particle-mobile-disabled=\"false\" class=\"elementor-element elementor-element-186375f inner-ser-cont e-flex e-con-boxed e-con e-parent\" data-id=\"186375f\" data-element_type=\"container\" data-e-type=\"container\">\n\t\t\t\t\t<div class=\"e-con-inner\">\n\t\t<div data-particle_enable=\"false\" data-particle-mobile-disabled=\"false\" class=\"elementor-element elementor-element-fe82b11 e-con-full e-flex e-con e-child\" data-id=\"fe82b11\" data-element_type=\"container\" data-e-type=\"container\">\n\t\t\t\t<div class=\"elementor-element elementor-element-4a4c55b elementor-widget elementor-widget-text-editor\" data-id=\"4a4c55b\" data-element_type=\"widget\" data-e-type=\"widget\" data-widget_type=\"text-editor.default\">\n\t\t\t\t\t\t\t\t\t<h3>Pagos m\u00e9dicos (MedPay) o protecci\u00f3n contra lesiones personales (PIP)<\/h3><h4>Finalidad:<\/h4><p>Cubre los gastos m\u00e9dicos para usted y sus pasajeros despu\u00e9s de un accidente, independientemente de la culpa.<\/p><h4>PIP:<\/h4><p>Tambi\u00e9n puede incluir la p\u00e9rdida de salarios y otros costes relacionados (obligatorio en algunos estados).<\/p>\t\t\t\t\t\t\t\t<\/div>\n\t\t\t\t<\/div>\n\t\t<div data-particle_enable=\"false\" data-particle-mobile-disabled=\"false\" class=\"elementor-element elementor-element-15ae4be e-con-full e-flex e-con e-child\" data-id=\"15ae4be\" data-element_type=\"container\" data-e-type=\"container\">\n\t\t\t\t<div class=\"elementor-element elementor-element-a459078 elementor-widget elementor-widget-text-editor\" data-id=\"a459078\" data-element_type=\"widget\" data-e-type=\"widget\" data-widget_type=\"text-editor.default\">\n\t\t\t\t\t\t\t\t\t<h3>Seguro GAP<\/h3><h4>Finalidad:<\/h4><p>Paga la diferencia entre el valor real en efectivo de su coche y la cantidad que debe en un pr\u00e9stamo o arrendamiento si el coche se declara siniestro total.<\/p>\t\t\t\t\t\t\t\t<\/div>\n\t\t\t\t<\/div>\n\t\t\t\t\t<\/div>\n\t\t\t\t<\/div>\n\t\t<div data-particle_enable=\"false\" data-particle-mobile-disabled=\"false\" class=\"elementor-element elementor-element-c86454e inner-ser-cont e-flex e-con-boxed e-con e-parent\" data-id=\"c86454e\" data-element_type=\"container\" data-e-type=\"container\">\n\t\t\t\t\t<div class=\"e-con-inner\">\n\t\t<div data-particle_enable=\"false\" data-particle-mobile-disabled=\"false\" class=\"elementor-element elementor-element-4e6c46b e-con-full e-flex e-con e-child\" data-id=\"4e6c46b\" data-element_type=\"container\" data-e-type=\"container\">\n\t\t\t\t<div class=\"elementor-element elementor-element-849b987 elementor-widget elementor-widget-text-editor\" data-id=\"849b987\" data-element_type=\"widget\" data-e-type=\"widget\" data-widget_type=\"text-editor.default\">\n\t\t\t\t\t\t\t\t\t<h3>Reembolso de alquiler<\/h3><h4>Finalidad:<\/h4><p>Cubre el coste de un coche de alquiler mientras su veh\u00edculo est\u00e1 siendo reparado despu\u00e9s de una p\u00e9rdida cubierta.<\/p>\t\t\t\t\t\t\t\t<\/div>\n\t\t\t\t<\/div>\n\t\t<div data-particle_enable=\"false\" data-particle-mobile-disabled=\"false\" class=\"elementor-element elementor-element-d3b556a e-con-full e-flex e-con e-child\" data-id=\"d3b556a\" data-element_type=\"container\" data-e-type=\"container\">\n\t\t\t\t<div class=\"elementor-element elementor-element-6c5104a elementor-widget elementor-widget-text-editor\" data-id=\"6c5104a\" data-element_type=\"widget\" data-e-type=\"widget\" data-widget_type=\"text-editor.default\">\n\t\t\t\t\t\t\t\t\t<h3>Asistencia en carretera<\/h3><h4>Finalidad:<\/h4><p>Proporciona ayuda para remolque, arranque de bater\u00eda, pinchazos y bloqueos.<\/p>\t\t\t\t\t\t\t\t<\/div>\n\t\t\t\t<\/div>\n\t\t\t\t\t<\/div>\n\t\t\t\t<\/div>\n\t\t<div data-particle_enable=\"false\" data-particle-mobile-disabled=\"false\" class=\"elementor-element elementor-element-e9ddf67 optional-sec e-flex e-con-boxed e-con e-parent\" data-id=\"e9ddf67\" data-element_type=\"container\" data-e-type=\"container\">\n\t\t\t\t\t<div class=\"e-con-inner\">\n\t\t<div data-particle_enable=\"false\" data-particle-mobile-disabled=\"false\" class=\"elementor-element elementor-element-22d0585 e-con-full e-flex e-con e-child\" data-id=\"22d0585\" data-element_type=\"container\" data-e-type=\"container\">\n\t\t\t\t<div class=\"elementor-element elementor-element-6c4504f elementor-widget elementor-widget-text-editor\" data-id=\"6c4504f\" data-element_type=\"widget\" data-e-type=\"widget\" data-widget_type=\"text-editor.default\">\n\t\t\t\t\t\t\t\t\t<h2 style=\"text-align: left;\">Complementos opcionales<\/h2>\t\t\t\t\t\t\t\t<\/div>\n\t\t\t\t<\/div>\n\t\t<div data-particle_enable=\"false\" data-particle-mobile-disabled=\"false\" class=\"elementor-element elementor-element-ae9dc2c e-con-full e-flex e-con e-child\" data-id=\"ae9dc2c\" data-element_type=\"container\" data-e-type=\"container\">\n\t\t\t\t<div class=\"elementor-element elementor-element-4b15d72 elementor-widget elementor-widget-text-editor\" data-id=\"4b15d72\" data-element_type=\"widget\" data-e-type=\"widget\" data-widget_type=\"text-editor.default\">\n\t\t\t\t\t\t\t\t\t<ul><li><strong>Cobertura de equipos personalizados<\/strong>: Protege las piezas o modificaciones del mercado de accesorios.<\/li><\/ul>\t\t\t\t\t\t\t\t<\/div>\n\t\t\t\t<\/div>\n\t\t<div data-particle_enable=\"false\" data-particle-mobile-disabled=\"false\" class=\"elementor-element elementor-element-ec0218b e-con-full e-flex e-con e-child\" data-id=\"ec0218b\" data-element_type=\"container\" data-e-type=\"container\">\n\t\t\t\t<div class=\"elementor-element elementor-element-297c7f6 elementor-widget elementor-widget-text-editor\" data-id=\"297c7f6\" data-element_type=\"widget\" data-e-type=\"widget\" data-widget_type=\"text-editor.default\">\n\t\t\t\t\t\t\t\t\t<ul><li><strong>Cobertura de cristales<\/strong>: Cubre las reparaciones del parabrisas o de las ventanas sin franquicia.<\/li><\/ul>\t\t\t\t\t\t\t\t<\/div>\n\t\t\t\t<\/div>\n\t\t\t\t\t<\/div>\n\t\t\t\t<\/div>\n\t\t\t\t<\/div>\n\t\t","protected":false},"excerpt":{"rendered":"<p>Seguro de auto personal El seguro de auto personal le proporciona protecci\u00f3n financiera a usted y a su veh\u00edculo en [&hellip;]<\/p>\n","protected":false},"author":2,"featured_media":0,"parent":2466,"menu_order":0,"comment_status":"closed","ping_status":"closed","template":"","meta":{"site-sidebar-layout":"no-sidebar","site-content-layout":"","ast-site-content-layout":"full-width-container","site-content-style":"default","site-sidebar-style":"default","ast-global-header-display":"","ast-banner-title-visibility":"","ast-main-header-display":"","ast-hfb-above-header-display":"","ast-hfb-below-header-display":"","ast-hfb-mobile-header-display":"","site-post-title":"disabled","ast-breadcrumbs-content":"","ast-featured-img":"disabled","footer-sml-layout":"","ast-disable-related-posts":"","theme-transparent-header-meta":"","adv-header-id-meta":"","stick-header-meta":"","header-above-stick-meta":"","header-main-stick-meta":"","header-below-stick-meta":"","astra-migrate-meta-layouts":"default","ast-page-background-enabled":"default","ast-page-background-meta":{"desktop":{"background-color":"var(--ast-global-color-5)","background-image":"","background-repeat":"repeat","background-position":"center center","background-size":"auto","background-attachment":"scroll","background-type":"","background-media":"","overlay-type":"","overlay-color":"","overlay-opacity":"","overlay-gradient":""},"tablet":{"background-color":"","background-image":"","background-repeat":"repeat","background-position":"center center","background-size":"auto","background-attachment":"scroll","background-type":"","background-media":"","overlay-type":"","overlay-color":"","overlay-opacity":"","overlay-gradient":""},"mobile":{"background-color":"","background-image":"","background-repeat":"repeat","background-position":"center center","background-size":"auto","background-attachment":"scroll","background-type":"","background-media":"","overlay-type":"","overlay-color":"","overlay-opacity":"","overlay-gradient":""}},"ast-content-background-meta":{"desktop":{"background-color":"var(--ast-global-color-4)","background-image":"","background-repeat":"repeat","background-position":"center center","background-size":"auto","background-attachment":"scroll","background-type":"","background-media":"","overlay-type":"","overlay-color":"","overlay-opacity":"","overlay-gradient":""},"tablet":{"background-color":"var(--ast-global-color-4)","background-image":"","background-repeat":"repeat","background-position":"center center","background-size":"auto","background-attachment":"scroll","background-type":"","background-media":"","overlay-type":"","overlay-color":"","overlay-opacity":"","overlay-gradient":""},"mobile":{"background-color":"var(--ast-global-color-4)","background-image":"","background-repeat":"repeat","background-position":"center center","background-size":"auto","background-attachment":"scroll","background-type":"","background-media":"","overlay-type":"","overlay-color":"","overlay-opacity":"","overlay-gradient":""}},"footnotes":""},"class_list":["post-2400","page","type-page","status-publish","hentry"],"_links":{"self":[{"href":"https:\/\/grupo-sosa.com\/es\/wp-json\/wp\/v2\/pages\/2400","targetHints":{"allow":["GET"]}}],"collection":[{"href":"https:\/\/grupo-sosa.com\/es\/wp-json\/wp\/v2\/pages"}],"about":[{"href":"https:\/\/grupo-sosa.com\/es\/wp-json\/wp\/v2\/types\/page"}],"author":[{"embeddable":true,"href":"https:\/\/grupo-sosa.com\/es\/wp-json\/wp\/v2\/users\/2"}],"replies":[{"embeddable":true,"href":"https:\/\/grupo-sosa.com\/es\/wp-json\/wp\/v2\/comments?post=2400"}],"version-history":[{"count":1,"href":"https:\/\/grupo-sosa.com\/es\/wp-json\/wp\/v2\/pages\/2400\/revisions"}],"predecessor-version":[{"id":2402,"href":"https:\/\/grupo-sosa.com\/es\/wp-json\/wp\/v2\/pages\/2400\/revisions\/2402"}],"up":[{"embeddable":true,"href":"https:\/\/grupo-sosa.com\/es\/wp-json\/wp\/v2\/pages\/2466"}],"wp:attachment":[{"href":"https:\/\/grupo-sosa.com\/es\/wp-json\/wp\/v2\/media?parent=2400"}],"curies":[{"name":"wp","href":"https:\/\/api.w.org\/{rel}","templated":true}]}}