{"id":2403,"date":"2025-10-13T14:16:06","date_gmt":"2025-10-13T14:16:06","guid":{"rendered":"https:\/\/grupo-sosa.com\/seguro-de-vida\/"},"modified":"2025-12-23T11:39:28","modified_gmt":"2025-12-23T11:39:28","slug":"seguro-de-vida","status":"publish","type":"page","link":"https:\/\/grupo-sosa.com\/es\/productos-de-seguros\/seguro-de-vida\/","title":{"rendered":"Seguro de vida"},"content":{"rendered":"\t\t<div data-elementor-type=\"wp-page\" data-elementor-id=\"2403\" class=\"elementor elementor-2403 elementor-568\" data-elementor-post-type=\"page\">\n\t\t\t\t<div data-particle_enable=\"false\" data-particle-mobile-disabled=\"false\" class=\"elementor-element elementor-element-a259c58 teamm-one inner-ser-sec e-flex e-con-boxed e-con e-parent\" data-id=\"a259c58\" data-element_type=\"container\" data-e-type=\"container\">\n\t\t\t\t\t<div class=\"e-con-inner\">\n\t\t<div data-particle_enable=\"false\" data-particle-mobile-disabled=\"false\" class=\"elementor-element elementor-element-921bb7f e-con-full e-flex e-con e-child\" data-id=\"921bb7f\" data-element_type=\"container\" data-e-type=\"container\">\n\t\t\t\t<div class=\"elementor-element elementor-element-d7742f3 elementor-widget elementor-widget-heading\" data-id=\"d7742f3\" data-element_type=\"widget\" data-e-type=\"widget\" data-widget_type=\"heading.default\">\n\t\t\t\t\t<h1 class=\"elementor-heading-title elementor-size-default\"><span style=\"color:#007382\">Seguro de <\/span> <span style=\"color:#EB9352\">vida<\/span><\/h1>\t\t\t\t<\/div>\n\t\t\t\t<\/div>\n\t\t<div data-particle_enable=\"false\" data-particle-mobile-disabled=\"false\" class=\"elementor-element elementor-element-d3def5c e-con-full e-flex e-con e-child\" data-id=\"d3def5c\" data-element_type=\"container\" data-e-type=\"container\">\n\t\t\t\t<div class=\"elementor-element elementor-element-8e94797 elementor-widget elementor-widget-text-editor\" data-id=\"8e94797\" data-element_type=\"widget\" data-e-type=\"widget\" data-widget_type=\"text-editor.default\">\n\t\t\t\t\t\t\t\t\t<p><strong>El seguro de vida<\/strong> es un contrato entre una persona y una compa\u00f1\u00eda de seguros que proporciona un pago financiero (beneficio por fallecimiento) a los beneficiarios tras el fallecimiento del asegurado. Ayuda a proteger a los seres queridos de dificultades econ\u00f3micas al cubrir gastos como los costes funerarios, las deudas y la sustituci\u00f3n de ingresos. <\/p>\t\t\t\t\t\t\t\t<\/div>\n\t\t\t\t<\/div>\n\t\t\t\t\t<\/div>\n\t\t\t\t<\/div>\n\t\t<div data-particle_enable=\"false\" data-particle-mobile-disabled=\"false\" class=\"elementor-element elementor-element-880e4d7 inner-service-img e-flex e-con-boxed e-con e-parent\" data-id=\"880e4d7\" data-element_type=\"container\" data-e-type=\"container\">\n\t\t\t\t\t<div class=\"e-con-inner\">\n\t\t\t\t<div class=\"elementor-element elementor-element-fb11130 elementor-widget elementor-widget-image\" data-id=\"fb11130\" data-element_type=\"widget\" data-e-type=\"widget\" data-widget_type=\"image.default\">\n\t\t\t\t\t\t\t\t\t\t\t\t\t\t\t<img fetchpriority=\"high\" decoding=\"async\" width=\"1024\" height=\"313\" src=\"https:\/\/grupo-sosa.com\/wp-content\/uploads\/2025\/11\/life-insurance-1024x313.jpg\" class=\"attachment-large size-large wp-image-2404\" alt=\"seguro-de-vida\" srcset=\"https:\/\/grupo-sosa.com\/wp-content\/uploads\/2025\/11\/life-insurance-1024x313.jpg 1024w, https:\/\/grupo-sosa.com\/wp-content\/uploads\/2025\/11\/life-insurance-300x92.jpg 300w, https:\/\/grupo-sosa.com\/wp-content\/uploads\/2025\/11\/life-insurance-768x235.jpg 768w, https:\/\/grupo-sosa.com\/wp-content\/uploads\/2025\/11\/life-insurance.jpg 1340w\" sizes=\"(max-width: 1024px) 100vw, 1024px\" \/>\t\t\t\t\t\t\t\t\t\t\t\t\t\t\t<\/div>\n\t\t\t\t\t<\/div>\n\t\t\t\t<\/div>\n\t\t<div data-particle_enable=\"false\" data-particle-mobile-disabled=\"false\" class=\"elementor-element elementor-element-a3a7396 inner-ser-cont-title e-flex e-con-boxed e-con e-parent\" data-id=\"a3a7396\" data-element_type=\"container\" data-e-type=\"container\">\n\t\t\t\t\t<div class=\"e-con-inner\">\n\t\t\t\t<div class=\"elementor-element elementor-element-cbb6d97 elementor-widget elementor-widget-text-editor\" data-id=\"cbb6d97\" data-element_type=\"widget\" data-e-type=\"widget\" data-widget_type=\"text-editor.default\">\n\t\t\t\t\t\t\t\t\t<h2 style=\"text-align: left;\"><strong>Principales tipos de p\u00f3lizas de seguro de vida<\/strong><\/h2>\t\t\t\t\t\t\t\t<\/div>\n\t\t\t\t\t<\/div>\n\t\t\t\t<\/div>\n\t\t<div data-particle_enable=\"false\" data-particle-mobile-disabled=\"false\" class=\"elementor-element elementor-element-ee9d64b inner-ser-cont e-flex e-con-boxed e-con e-parent\" data-id=\"ee9d64b\" data-element_type=\"container\" data-e-type=\"container\">\n\t\t\t\t\t<div class=\"e-con-inner\">\n\t\t<div data-particle_enable=\"false\" data-particle-mobile-disabled=\"false\" class=\"elementor-element elementor-element-402ee57 e-con-full e-flex e-con e-child\" data-id=\"402ee57\" data-element_type=\"container\" data-e-type=\"container\">\n\t\t\t\t<div class=\"elementor-element elementor-element-621bf17 elementor-widget elementor-widget-text-editor\" data-id=\"621bf17\" data-element_type=\"widget\" data-e-type=\"widget\" data-widget_type=\"text-editor.default\">\n\t\t\t\t\t\t\t\t\t<h3>Seguro de vida a t\u00e9rmino<\/h3><p>Proporciona cobertura durante un per\u00edodo espec\u00edfico (por ejemplo, 10, 20 o 30 a\u00f1os).<\/p><h4>Caracter\u00edsticas:<\/h4><ul><li>Primas m\u00e1s bajas en comparaci\u00f3n con las p\u00f3lizas permanentes.<\/li><li><span style=\"font-size: 16px;\">Paga el beneficio por fallecimiento solo si la muerte ocurre durante el plazo.<\/span><\/li><\/ul><h4>Ideal para:<\/h4><p>Personas que buscan una cobertura temporal y asequible.<\/p>\t\t\t\t\t\t\t\t<\/div>\n\t\t\t\t<\/div>\n\t\t<div data-particle_enable=\"false\" data-particle-mobile-disabled=\"false\" class=\"elementor-element elementor-element-1425637 e-con-full e-flex e-con e-child\" data-id=\"1425637\" data-element_type=\"container\" data-e-type=\"container\">\n\t\t\t\t<div class=\"elementor-element elementor-element-2f01d4d elementor-widget elementor-widget-text-editor\" data-id=\"2f01d4d\" data-element_type=\"widget\" data-e-type=\"widget\" data-widget_type=\"text-editor.default\">\n\t\t\t\t\t\t\t\t\t<h3>Seguro de vida entera<\/h3><p>Cobertura permanente que dura toda la vida siempre que se paguen las primas.<\/p><h4>Caracter\u00edsticas:<\/h4><ul><li>Primas fijas.<\/li><li>Acumula valor en efectivo que crece con el tiempo y se puede pedir prestado.<\/li><\/ul><h4>Ideal para:<\/h4><p>Planificaci\u00f3n financiera a largo plazo y cobertura garantizada.<\/p>\t\t\t\t\t\t\t\t<\/div>\n\t\t\t\t<\/div>\n\t\t\t\t\t<\/div>\n\t\t\t\t<\/div>\n\t\t<div data-particle_enable=\"false\" data-particle-mobile-disabled=\"false\" class=\"elementor-element elementor-element-b914f92 inner-ser-cont e-flex e-con-boxed e-con e-parent\" data-id=\"b914f92\" data-element_type=\"container\" data-e-type=\"container\">\n\t\t\t\t\t<div class=\"e-con-inner\">\n\t\t<div data-particle_enable=\"false\" data-particle-mobile-disabled=\"false\" class=\"elementor-element elementor-element-fb8ba4d e-con-full e-flex e-con e-child\" data-id=\"fb8ba4d\" data-element_type=\"container\" data-e-type=\"container\">\n\t\t\t\t<div class=\"elementor-element elementor-element-16191c2 elementor-widget elementor-widget-text-editor\" data-id=\"16191c2\" data-element_type=\"widget\" data-e-type=\"widget\" data-widget_type=\"text-editor.default\">\n\t\t\t\t\t\t\t\t\t<h3>Seguro de vida universal<\/h3><p>P\u00f3liza permanente flexible con primas y beneficios por fallecimiento ajustables.<\/p><h4>Caracter\u00edsticas:<\/h4><ul><li>Acumula valor en efectivo con intereses.<\/li><li>Permite cambios en la cobertura y los pagos.<\/li><\/ul><h4>Ideal para:<\/h4><p>Aquellos que desean flexibilidad en los pagos de primas y los beneficios.<\/p>\t\t\t\t\t\t\t\t<\/div>\n\t\t\t\t<\/div>\n\t\t<div data-particle_enable=\"false\" data-particle-mobile-disabled=\"false\" class=\"elementor-element elementor-element-35d36ee e-con-full e-flex e-con e-child\" data-id=\"35d36ee\" data-element_type=\"container\" data-e-type=\"container\">\n\t\t\t\t<div class=\"elementor-element elementor-element-56a3d4c elementor-widget elementor-widget-text-editor\" data-id=\"56a3d4c\" data-element_type=\"widget\" data-e-type=\"widget\" data-widget_type=\"text-editor.default\">\n\t\t\t\t\t\t\t\t\t<h3>Seguro de vida variable<\/h3><p>P\u00f3liza permanente con opciones de inversi\u00f3n para el valor en efectivo.<\/p><h4>Caracter\u00edsticas:<\/h4><ul><li>Valor en efectivo vinculado al rendimiento de las inversiones (acciones, bonos, etc.).<\/li><li>Mayor riesgo, pero potencial de mayor crecimiento.<\/li><\/ul><h4>Ideal para:<\/h4><p>Personas que se sienten c\u00f3modas con el riesgo del mercado y buscan oportunidades de inversi\u00f3n.<\/p>\t\t\t\t\t\t\t\t<\/div>\n\t\t\t\t<\/div>\n\t\t\t\t\t<\/div>\n\t\t\t\t<\/div>\n\t\t<div data-particle_enable=\"false\" data-particle-mobile-disabled=\"false\" class=\"elementor-element elementor-element-41e63c6 inner-ser-cont e-flex e-con-boxed e-con e-parent\" data-id=\"41e63c6\" data-element_type=\"container\" data-e-type=\"container\">\n\t\t\t\t\t<div class=\"e-con-inner\">\n\t\t<div data-particle_enable=\"false\" data-particle-mobile-disabled=\"false\" class=\"elementor-element elementor-element-4022483 e-con-full e-flex e-con e-child\" data-id=\"4022483\" data-element_type=\"container\" data-e-type=\"container\">\n\t\t\t\t<div class=\"elementor-element elementor-element-2c9a673 elementor-widget elementor-widget-text-editor\" data-id=\"2c9a673\" data-element_type=\"widget\" data-e-type=\"widget\" data-widget_type=\"text-editor.default\">\n\t\t\t\t\t\t\t\t\t<h3>Seguro de vida universal indexado<\/h3><p>Un tipo de vida universal donde el crecimiento del valor en efectivo est\u00e1 vinculado a un \u00edndice del mercado de valores (por ejemplo, S&amp;P 500).<\/p><h4>Caracter\u00edsticas:<\/h4><ul><li>Ofrece potencial de crecimiento con cierta protecci\u00f3n contra las ca\u00eddas.<\/li><\/ul><h4>Ideal para:<\/h4><p>Aquellos que desean un crecimiento vinculado al rendimiento del mercado sin riesgo directo de inversi\u00f3n.<\/p>\t\t\t\t\t\t\t\t<\/div>\n\t\t\t\t<\/div>\n\t\t<div data-particle_enable=\"false\" data-particle-mobile-disabled=\"false\" class=\"elementor-element elementor-element-6972dad e-con-full e-flex e-con e-child\" data-id=\"6972dad\" data-element_type=\"container\" data-e-type=\"container\">\n\t\t\t\t<div class=\"elementor-element elementor-element-736d41c elementor-widget elementor-widget-text-editor\" data-id=\"736d41c\" data-element_type=\"widget\" data-e-type=\"widget\" data-widget_type=\"text-editor.default\">\n\t\t\t\t\t\t\t\t\t<h3>Seguro de gastos finales<\/h3><p>Dise\u00f1ado para cubrir los gastos funerarios y de entierro.<\/p><h4>Caracter\u00edsticas:<\/h4><ul><li>Cantidades de cobertura m\u00e1s bajas.<\/li><li>Primas asequibles.<\/li><\/ul><h4>Ideal para:<\/h4><p>Personas mayores o aquellas que buscan cobertura para gastos de fin de vida.<\/p>\t\t\t\t\t\t\t\t<\/div>\n\t\t\t\t<\/div>\n\t\t\t\t\t<\/div>\n\t\t\t\t<\/div>\n\t\t<div data-particle_enable=\"false\" data-particle-mobile-disabled=\"false\" class=\"elementor-element elementor-element-1ce6dfa optional-sec e-flex e-con-boxed e-con e-parent\" data-id=\"1ce6dfa\" data-element_type=\"container\" data-e-type=\"container\">\n\t\t\t\t\t<div class=\"e-con-inner\">\n\t\t<div data-particle_enable=\"false\" data-particle-mobile-disabled=\"false\" class=\"elementor-element elementor-element-3a2d100 e-con-full e-flex e-con e-child\" data-id=\"3a2d100\" data-element_type=\"container\" data-e-type=\"container\">\n\t\t\t\t<div class=\"elementor-element elementor-element-76a90ea elementor-widget elementor-widget-text-editor\" data-id=\"76a90ea\" data-element_type=\"widget\" data-e-type=\"widget\" data-widget_type=\"text-editor.default\">\n\t\t\t\t\t\t\t\t\t<h2>Cl\u00e1usulas adicionales opcionales<\/h2>\t\t\t\t\t\t\t\t<\/div>\n\t\t\t\t<\/div>\n\t\t<div data-particle_enable=\"false\" data-particle-mobile-disabled=\"false\" class=\"elementor-element elementor-element-8f9e835 e-con-full e-flex e-con e-child\" data-id=\"8f9e835\" data-element_type=\"container\" data-e-type=\"container\">\n\t\t\t\t<div class=\"elementor-element elementor-element-04f462f elementor-widget elementor-widget-text-editor\" data-id=\"04f462f\" data-element_type=\"widget\" data-e-type=\"widget\" data-widget_type=\"text-editor.default\">\n\t\t\t\t\t\t\t\t\t<ul><li>Beneficio por muerte accidental<\/li><\/ul>\t\t\t\t\t\t\t\t<\/div>\n\t\t\t\t<\/div>\n\t\t<div data-particle_enable=\"false\" data-particle-mobile-disabled=\"false\" class=\"elementor-element elementor-element-6761ec8 e-con-full e-flex e-con e-child\" data-id=\"6761ec8\" data-element_type=\"container\" data-e-type=\"container\">\n\t\t\t\t<div class=\"elementor-element elementor-element-624987c elementor-widget elementor-widget-text-editor\" data-id=\"624987c\" data-element_type=\"widget\" data-e-type=\"widget\" data-widget_type=\"text-editor.default\">\n\t\t\t\t\t\t\t\t\t<ul><li>Exenci\u00f3n de prima<\/li><\/ul>\t\t\t\t\t\t\t\t<\/div>\n\t\t\t\t<\/div>\n\t\t<div data-particle_enable=\"false\" data-particle-mobile-disabled=\"false\" class=\"elementor-element elementor-element-82f535b e-con-full e-flex e-con e-child\" data-id=\"82f535b\" data-element_type=\"container\" data-e-type=\"container\">\n\t\t\t\t<div class=\"elementor-element elementor-element-b1db1ba elementor-widget elementor-widget-text-editor\" data-id=\"b1db1ba\" data-element_type=\"widget\" data-e-type=\"widget\" data-widget_type=\"text-editor.default\">\n\t\t\t\t\t\t\t\t\t<ul><li>Cl\u00e1usula adicional de plazo para hijos<\/li><\/ul>\t\t\t\t\t\t\t\t<\/div>\n\t\t\t\t<\/div>\n\t\t<div data-particle_enable=\"false\" data-particle-mobile-disabled=\"false\" class=\"elementor-element elementor-element-e251645 e-con-full e-flex e-con e-child\" data-id=\"e251645\" data-element_type=\"container\" data-e-type=\"container\">\n\t\t\t\t<div class=\"elementor-element elementor-element-11f1f83 elementor-widget elementor-widget-text-editor\" data-id=\"11f1f83\" data-element_type=\"widget\" data-e-type=\"widget\" data-widget_type=\"text-editor.default\">\n\t\t\t\t\t\t\t\t\t<ul><li>Cl\u00e1usula adicional para cuidados a largo plazo<\/li><\/ul>\t\t\t\t\t\t\t\t<\/div>\n\t\t\t\t<\/div>\n\t\t\t\t\t<\/div>\n\t\t\t\t<\/div>\n\t\t\t\t<\/div>\n\t\t","protected":false},"excerpt":{"rendered":"<p>Seguro de vida El seguro de vida es un contrato entre una persona y una compa\u00f1\u00eda de seguros que proporciona [&hellip;]<\/p>\n","protected":false},"author":2,"featured_media":0,"parent":2466,"menu_order":0,"comment_status":"closed","ping_status":"closed","template":"","meta":{"site-sidebar-layout":"no-sidebar","site-content-layout":"","ast-site-content-layout":"full-width-container","site-content-style":"default","site-sidebar-style":"default","ast-global-header-display":"","ast-banner-title-visibility":"","ast-main-header-display":"","ast-hfb-above-header-display":"","ast-hfb-below-header-display":"","ast-hfb-mobile-header-display":"","site-post-title":"disabled","ast-breadcrumbs-content":"","ast-featured-img":"disabled","footer-sml-layout":"","ast-disable-related-posts":"","theme-transparent-header-meta":"","adv-header-id-meta":"","stick-header-meta":"","header-above-stick-meta":"","header-main-stick-meta":"","header-below-stick-meta":"","astra-migrate-meta-layouts":"default","ast-page-background-enabled":"default","ast-page-background-meta":{"desktop":{"background-color":"var(--ast-global-color-5)","background-image":"","background-repeat":"repeat","background-position":"center center","background-size":"auto","background-attachment":"scroll","background-type":"","background-media":"","overlay-type":"","overlay-color":"","overlay-opacity":"","overlay-gradient":""},"tablet":{"background-color":"","background-image":"","background-repeat":"repeat","background-position":"center center","background-size":"auto","background-attachment":"scroll","background-type":"","background-media":"","overlay-type":"","overlay-color":"","overlay-opacity":"","overlay-gradient":""},"mobile":{"background-color":"","background-image":"","background-repeat":"repeat","background-position":"center center","background-size":"auto","background-attachment":"scroll","background-type":"","background-media":"","overlay-type":"","overlay-color":"","overlay-opacity":"","overlay-gradient":""}},"ast-content-background-meta":{"desktop":{"background-color":"var(--ast-global-color-4)","background-image":"","background-repeat":"repeat","background-position":"center center","background-size":"auto","background-attachment":"scroll","background-type":"","background-media":"","overlay-type":"","overlay-color":"","overlay-opacity":"","overlay-gradient":""},"tablet":{"background-color":"var(--ast-global-color-4)","background-image":"","background-repeat":"repeat","background-position":"center center","background-size":"auto","background-attachment":"scroll","background-type":"","background-media":"","overlay-type":"","overlay-color":"","overlay-opacity":"","overlay-gradient":""},"mobile":{"background-color":"var(--ast-global-color-4)","background-image":"","background-repeat":"repeat","background-position":"center center","background-size":"auto","background-attachment":"scroll","background-type":"","background-media":"","overlay-type":"","overlay-color":"","overlay-opacity":"","overlay-gradient":""}},"footnotes":""},"class_list":["post-2403","page","type-page","status-publish","hentry"],"_links":{"self":[{"href":"https:\/\/grupo-sosa.com\/es\/wp-json\/wp\/v2\/pages\/2403","targetHints":{"allow":["GET"]}}],"collection":[{"href":"https:\/\/grupo-sosa.com\/es\/wp-json\/wp\/v2\/pages"}],"about":[{"href":"https:\/\/grupo-sosa.com\/es\/wp-json\/wp\/v2\/types\/page"}],"author":[{"embeddable":true,"href":"https:\/\/grupo-sosa.com\/es\/wp-json\/wp\/v2\/users\/2"}],"replies":[{"embeddable":true,"href":"https:\/\/grupo-sosa.com\/es\/wp-json\/wp\/v2\/comments?post=2403"}],"version-history":[{"count":1,"href":"https:\/\/grupo-sosa.com\/es\/wp-json\/wp\/v2\/pages\/2403\/revisions"}],"predecessor-version":[{"id":2405,"href":"https:\/\/grupo-sosa.com\/es\/wp-json\/wp\/v2\/pages\/2403\/revisions\/2405"}],"up":[{"embeddable":true,"href":"https:\/\/grupo-sosa.com\/es\/wp-json\/wp\/v2\/pages\/2466"}],"wp:attachment":[{"href":"https:\/\/grupo-sosa.com\/es\/wp-json\/wp\/v2\/media?parent=2403"}],"curies":[{"name":"wp","href":"https:\/\/api.w.org\/{rel}","templated":true}]}}