{"id":2442,"date":"2025-10-13T14:04:21","date_gmt":"2025-10-13T14:04:21","guid":{"rendered":"https:\/\/grupo-sosa.com\/seguro-de-empresa\/"},"modified":"2025-12-23T11:39:28","modified_gmt":"2025-12-23T11:39:28","slug":"seguro-de-empresa","status":"publish","type":"page","link":"https:\/\/grupo-sosa.com\/es\/productos-de-seguros\/seguro-de-empresa\/","title":{"rendered":"Seguro de empresa"},"content":{"rendered":"\t\t<div data-elementor-type=\"wp-page\" data-elementor-id=\"2442\" class=\"elementor elementor-2442 elementor-534\" data-elementor-post-type=\"page\">\n\t\t\t\t<div data-particle_enable=\"false\" data-particle-mobile-disabled=\"false\" class=\"elementor-element elementor-element-1b52744 teamm-one inner-ser-sec e-flex e-con-boxed e-con e-parent\" data-id=\"1b52744\" data-element_type=\"container\" data-e-type=\"container\">\n\t\t\t\t\t<div class=\"e-con-inner\">\n\t\t<div data-particle_enable=\"false\" data-particle-mobile-disabled=\"false\" class=\"elementor-element elementor-element-e77d942 e-con-full e-flex e-con e-child\" data-id=\"e77d942\" data-element_type=\"container\" data-e-type=\"container\">\n\t\t\t\t<div class=\"elementor-element elementor-element-8edc8ee elementor-widget elementor-widget-heading\" data-id=\"8edc8ee\" data-element_type=\"widget\" data-e-type=\"widget\" data-widget_type=\"heading.default\">\n\t\t\t\t\t<h1 class=\"elementor-heading-title elementor-size-default\"><span style=\"color:#007382\">Seguro<\/span> <span style=\"color:#EB9352\">de empresa<\/span><\/h1>\t\t\t\t<\/div>\n\t\t\t\t<\/div>\n\t\t<div data-particle_enable=\"false\" data-particle-mobile-disabled=\"false\" class=\"elementor-element elementor-element-d4a6057 e-con-full e-flex e-con e-child\" data-id=\"d4a6057\" data-element_type=\"container\" data-e-type=\"container\">\n\t\t\t\t<div class=\"elementor-element elementor-element-a76b6a5 elementor-widget elementor-widget-text-editor\" data-id=\"a76b6a5\" data-element_type=\"widget\" data-e-type=\"widget\" data-widget_type=\"text-editor.default\">\n\t\t\t\t\t\t\t\t\t<p>El <strong>seguro de empresa<\/strong> es un conjunto de p\u00f3lizas dise\u00f1adas para proteger a una empresa de p\u00e9rdidas financieras debidas a eventos inesperados, como da\u00f1os a la propiedad, reclamaciones de responsabilidad civil, lesiones de empleados o interrupciones de la actividad. Ayuda a garantizar la continuidad y la estabilidad al mitigar los riesgos. <\/p>\t\t\t\t\t\t\t\t<\/div>\n\t\t\t\t<\/div>\n\t\t\t\t\t<\/div>\n\t\t\t\t<\/div>\n\t\t<div data-particle_enable=\"false\" data-particle-mobile-disabled=\"false\" class=\"elementor-element elementor-element-8af4a23 inner-service-img e-flex e-con-boxed e-con e-parent\" data-id=\"8af4a23\" data-element_type=\"container\" data-e-type=\"container\">\n\t\t\t\t\t<div class=\"e-con-inner\">\n\t\t\t\t<div class=\"elementor-element elementor-element-17255cc elementor-widget elementor-widget-image\" data-id=\"17255cc\" data-element_type=\"widget\" data-e-type=\"widget\" data-widget_type=\"image.default\">\n\t\t\t\t\t\t\t\t\t\t\t\t\t\t\t<img fetchpriority=\"high\" decoding=\"async\" width=\"1024\" height=\"313\" src=\"https:\/\/grupo-sosa.com\/wp-content\/uploads\/2025\/11\/business-insurance-1024x313.jpg\" class=\"attachment-large size-large wp-image-2443\" alt=\"\" srcset=\"https:\/\/grupo-sosa.com\/wp-content\/uploads\/2025\/11\/business-insurance-1024x313.jpg 1024w, https:\/\/grupo-sosa.com\/wp-content\/uploads\/2025\/11\/business-insurance-300x92.jpg 300w, https:\/\/grupo-sosa.com\/wp-content\/uploads\/2025\/11\/business-insurance-768x235.jpg 768w, https:\/\/grupo-sosa.com\/wp-content\/uploads\/2025\/11\/business-insurance.jpg 1340w\" sizes=\"(max-width: 1024px) 100vw, 1024px\" \/>\t\t\t\t\t\t\t\t\t\t\t\t\t\t\t<\/div>\n\t\t\t\t\t<\/div>\n\t\t\t\t<\/div>\n\t\t<div data-particle_enable=\"false\" data-particle-mobile-disabled=\"false\" class=\"elementor-element elementor-element-55a170e inner-ser-cont-title e-flex e-con-boxed e-con e-parent\" data-id=\"55a170e\" data-element_type=\"container\" data-e-type=\"container\">\n\t\t\t\t\t<div class=\"e-con-inner\">\n\t\t<div data-particle_enable=\"false\" data-particle-mobile-disabled=\"false\" class=\"elementor-element elementor-element-76da895 e-con-full e-flex e-con e-child\" data-id=\"76da895\" data-element_type=\"container\" data-e-type=\"container\">\n\t\t\t\t<div class=\"elementor-element elementor-element-a5beef4 elementor-widget elementor-widget-heading\" data-id=\"a5beef4\" data-element_type=\"widget\" data-e-type=\"widget\" data-widget_type=\"heading.default\">\n\t\t\t\t\t<h2 class=\"elementor-heading-title elementor-size-default\">Tipos clave de cobertura de seguro de empresa<\/h2>\t\t\t\t<\/div>\n\t\t\t\t<\/div>\n\t\t\t\t\t<\/div>\n\t\t\t\t<\/div>\n\t\t<div data-particle_enable=\"false\" data-particle-mobile-disabled=\"false\" class=\"elementor-element elementor-element-b7c6cfc inner-ser-cont e-flex e-con-boxed e-con e-parent\" data-id=\"b7c6cfc\" data-element_type=\"container\" data-e-type=\"container\">\n\t\t\t\t\t<div class=\"e-con-inner\">\n\t\t<div data-particle_enable=\"false\" data-particle-mobile-disabled=\"false\" class=\"elementor-element elementor-element-052900d e-con-full e-flex e-con e-child\" data-id=\"052900d\" data-element_type=\"container\" data-e-type=\"container\">\n\t\t\t\t<div class=\"elementor-element elementor-element-2d429c4 elementor-widget elementor-widget-text-editor\" data-id=\"2d429c4\" data-element_type=\"widget\" data-e-type=\"widget\" data-widget_type=\"text-editor.default\">\n\t\t\t\t\t\t\t\t\t<h3>Seguro de responsabilidad civil general<\/h3><h4>Finalidad:<\/h4><p>Protege contra reclamaciones por lesiones corporales, da\u00f1os a la propiedad y da\u00f1os personales (por ejemplo, difamaci\u00f3n, calumnias).<\/p><h4>\u00bfPor qu\u00e9 es importante?<\/h4><p>Cubre los honorarios legales y las indemnizaciones si alguien demanda a su empresa.<\/p>\t\t\t\t\t\t\t\t<\/div>\n\t\t\t\t<\/div>\n\t\t<div data-particle_enable=\"false\" data-particle-mobile-disabled=\"false\" class=\"elementor-element elementor-element-9bb8e65 e-con-full e-flex e-con e-child\" data-id=\"9bb8e65\" data-element_type=\"container\" data-e-type=\"container\">\n\t\t\t\t<div class=\"elementor-element elementor-element-f153ea2 elementor-widget elementor-widget-text-editor\" data-id=\"f153ea2\" data-element_type=\"widget\" data-e-type=\"widget\" data-widget_type=\"text-editor.default\">\n\t\t\t\t\t\t\t\t\t<h3>Seguro de propiedad comercial<\/h3><h4>Finalidad:<\/h4><p>Cubre los activos f\u00edsicos como edificios, equipos, inventario y mobiliario contra riesgos como incendios, robos o desastres naturales.<\/p><h4>Consejo:<\/h4><p>A menudo se combina con la cobertura de interrupci\u00f3n de la actividad.<\/p>\t\t\t\t\t\t\t\t<\/div>\n\t\t\t\t<\/div>\n\t\t\t\t\t<\/div>\n\t\t\t\t<\/div>\n\t\t<div data-particle_enable=\"false\" data-particle-mobile-disabled=\"false\" class=\"elementor-element elementor-element-2af1836 inner-ser-cont e-flex e-con-boxed e-con e-parent\" data-id=\"2af1836\" data-element_type=\"container\" data-e-type=\"container\">\n\t\t\t\t\t<div class=\"e-con-inner\">\n\t\t<div data-particle_enable=\"false\" data-particle-mobile-disabled=\"false\" class=\"elementor-element elementor-element-11a0f79 e-con-full e-flex e-con e-child\" data-id=\"11a0f79\" data-element_type=\"container\" data-e-type=\"container\">\n\t\t\t\t<div class=\"elementor-element elementor-element-cce09b4 elementor-widget elementor-widget-text-editor\" data-id=\"cce09b4\" data-element_type=\"widget\" data-e-type=\"widget\" data-widget_type=\"text-editor.default\">\n\t\t\t\t\t\t\t\t\t<h3>Seguro de interrupci\u00f3n de la actividad comercial<\/h3><h4>Finalidad:<\/h4><p>Proporciona la sustituci\u00f3n de los ingresos y la cobertura de los gastos de funcionamiento si su empresa se ve obligada a cerrar temporalmente debido a un evento cubierto.<\/p><h4>Ejemplo:<\/h4><p>Un incendio da\u00f1a su tienda y usted pierde ingresos durante las reparaciones.<\/p>\t\t\t\t\t\t\t\t<\/div>\n\t\t\t\t<\/div>\n\t\t<div data-particle_enable=\"false\" data-particle-mobile-disabled=\"false\" class=\"elementor-element elementor-element-7f2f748 e-con-full e-flex e-con e-child\" data-id=\"7f2f748\" data-element_type=\"container\" data-e-type=\"container\">\n\t\t\t\t<div class=\"elementor-element elementor-element-23e068b elementor-widget elementor-widget-text-editor\" data-id=\"23e068b\" data-element_type=\"widget\" data-e-type=\"widget\" data-widget_type=\"text-editor.default\">\n\t\t\t\t\t\t\t\t\t<h3>Seguro de compensaci\u00f3n para trabajadores<\/h3><h4>Finalidad:<\/h4><p>Obligatorio en la mayor\u00eda de los estados; cubre los gastos m\u00e9dicos y los salarios perdidos de los empleados lesionados en el trabajo.<\/p><h4>Ventaja:<\/h4><p>Protege tanto a los empleados como a los empleadores de la tensi\u00f3n financiera.<\/p>\t\t\t\t\t\t\t\t<\/div>\n\t\t\t\t<\/div>\n\t\t\t\t\t<\/div>\n\t\t\t\t<\/div>\n\t\t<div data-particle_enable=\"false\" data-particle-mobile-disabled=\"false\" class=\"elementor-element elementor-element-9349ba4 inner-ser-cont e-flex e-con-boxed e-con e-parent\" data-id=\"9349ba4\" data-element_type=\"container\" data-e-type=\"container\">\n\t\t\t\t\t<div class=\"e-con-inner\">\n\t\t<div data-particle_enable=\"false\" data-particle-mobile-disabled=\"false\" class=\"elementor-element elementor-element-478ab0c e-con-full e-flex e-con e-child\" data-id=\"478ab0c\" data-element_type=\"container\" data-e-type=\"container\">\n\t\t\t\t<div class=\"elementor-element elementor-element-2f5b6a1 elementor-widget elementor-widget-text-editor\" data-id=\"2f5b6a1\" data-element_type=\"widget\" data-e-type=\"widget\" data-widget_type=\"text-editor.default\">\n\t\t\t\t\t\t\t\t\t<h3>Seguro de responsabilidad profesional (errores y omisiones)<\/h3><h4>Finalidad:<\/h4><p>Protege a las empresas de servicios contra reclamaciones de negligencia, errores o incumplimiento de los servicios prometidos.<\/p><h4>Com\u00fan para:<\/h4><p>Consultores, contables, abogados, proveedores de atenci\u00f3n m\u00e9dica.<\/p>\t\t\t\t\t\t\t\t<\/div>\n\t\t\t\t<\/div>\n\t\t<div data-particle_enable=\"false\" data-particle-mobile-disabled=\"false\" class=\"elementor-element elementor-element-93128c8 e-con-full e-flex e-con e-child\" data-id=\"93128c8\" data-element_type=\"container\" data-e-type=\"container\">\n\t\t\t\t<div class=\"elementor-element elementor-element-b30b244 elementor-widget elementor-widget-text-editor\" data-id=\"b30b244\" data-element_type=\"widget\" data-e-type=\"widget\" data-widget_type=\"text-editor.default\">\n\t\t\t\t\t\t\t\t\t<h3>Seguro de auto comercial<\/h3><h4>Finalidad:<\/h4><p>Cubre los veh\u00edculos propiedad de la empresa o utilizados por ella en caso de accidentes, da\u00f1os y responsabilidad civil.<\/p><h4>Nota:<\/h4><p>Las p\u00f3lizas de autom\u00f3viles personales no suelen cubrir el uso comercial.<\/p>\t\t\t\t\t\t\t\t<\/div>\n\t\t\t\t<\/div>\n\t\t\t\t\t<\/div>\n\t\t\t\t<\/div>\n\t\t<div data-particle_enable=\"false\" data-particle-mobile-disabled=\"false\" class=\"elementor-element elementor-element-f184bf9 inner-ser-cont e-flex e-con-boxed e-con e-parent\" data-id=\"f184bf9\" data-element_type=\"container\" data-e-type=\"container\">\n\t\t\t\t\t<div class=\"e-con-inner\">\n\t\t<div data-particle_enable=\"false\" data-particle-mobile-disabled=\"false\" class=\"elementor-element elementor-element-121acfc e-con-full e-flex e-con e-child\" data-id=\"121acfc\" data-element_type=\"container\" data-e-type=\"container\">\n\t\t\t\t<div class=\"elementor-element elementor-element-4342cb7 elementor-widget elementor-widget-text-editor\" data-id=\"4342cb7\" data-element_type=\"widget\" data-e-type=\"widget\" data-widget_type=\"text-editor.default\">\n\t\t\t\t\t\t\t\t\t<h3>Seguro de responsabilidad cibern\u00e9tica<\/h3><h4>Finalidad:<\/h4><p>Protege contra las filtraciones de datos, los ciberataques y los costes asociados, como la notificaci\u00f3n, los honorarios legales y la recuperaci\u00f3n.<\/p><h4>Cr\u00edtico para:<\/h4><p>Empresas que manejan datos confidenciales de clientes.<\/p>\t\t\t\t\t\t\t\t<\/div>\n\t\t\t\t<\/div>\n\t\t<div data-particle_enable=\"false\" data-particle-mobile-disabled=\"false\" class=\"elementor-element elementor-element-7df5ff3 e-con-full e-flex e-con e-child\" data-id=\"7df5ff3\" data-element_type=\"container\" data-e-type=\"container\">\n\t\t\t\t<div class=\"elementor-element elementor-element-4d32ca2 elementor-widget elementor-widget-text-editor\" data-id=\"4d32ca2\" data-element_type=\"widget\" data-e-type=\"widget\" data-widget_type=\"text-editor.default\">\n\t\t\t\t\t\t\t\t\t<h3>Seguro de responsabilidad civil por productos<\/h3><h4>Finalidad:<\/h4><p>Cubre las reclamaciones relacionadas con productos defectuosos que causen lesiones o da\u00f1os.<\/p><h4>Esencial para:<\/h4><p>Fabricantes, distribuidores, minoristas.<\/p>\t\t\t\t\t\t\t\t<\/div>\n\t\t\t\t<\/div>\n\t\t\t\t\t<\/div>\n\t\t\t\t<\/div>\n\t\t<div data-particle_enable=\"false\" data-particle-mobile-disabled=\"false\" class=\"elementor-element elementor-element-17641f5 inner-ser-cont last e-flex e-con-boxed e-con e-parent\" data-id=\"17641f5\" data-element_type=\"container\" data-e-type=\"container\">\n\t\t\t\t\t<div class=\"e-con-inner\">\n\t\t<div data-particle_enable=\"false\" data-particle-mobile-disabled=\"false\" class=\"elementor-element elementor-element-49de5a0 e-con-full e-flex e-con e-child\" data-id=\"49de5a0\" data-element_type=\"container\" data-e-type=\"container\">\n\t\t\t\t<div class=\"elementor-element elementor-element-dc86d08 elementor-widget elementor-widget-text-editor\" data-id=\"dc86d08\" data-element_type=\"widget\" data-e-type=\"widget\" data-widget_type=\"text-editor.default\">\n\t\t\t\t\t\t\t\t\t<h3>Seguro de directores y ejecutivos (D&amp;O)<\/h3><h4>Finalidad:<\/h4><p>Protege a los ejecutivos de la empresa de la responsabilidad personal por las decisiones tomadas en su capacidad oficial.<\/p><h4>Importante para:<\/h4><p>Corporaciones y organizaciones sin \u00e1nimo de lucro.<\/p>\t\t\t\t\t\t\t\t<\/div>\n\t\t\t\t<\/div>\n\t\t<div data-particle_enable=\"false\" data-particle-mobile-disabled=\"false\" class=\"elementor-element elementor-element-7f8b144 e-con-full e-flex e-con e-child\" data-id=\"7f8b144\" data-element_type=\"container\" data-e-type=\"container\">\n\t\t\t\t<div class=\"elementor-element elementor-element-64a8535 elementor-widget elementor-widget-text-editor\" data-id=\"64a8535\" data-element_type=\"widget\" data-e-type=\"widget\" data-widget_type=\"text-editor.default\">\n\t\t\t\t\t\t\t\t\t<h3>Seguro de responsabilidad civil general<\/h3><h4>Finalidad:<\/h4><p>Proporciona una cobertura de responsabilidad civil adicional m\u00e1s all\u00e1 de los l\u00edmites de otras p\u00f3lizas.<\/p><h4>Ventaja:<\/h4><p>A\u00f1ade una capa adicional de protecci\u00f3n para las reclamaciones de gran envergadura.<\/p>\t\t\t\t\t\t\t\t<\/div>\n\t\t\t\t<\/div>\n\t\t\t\t\t<\/div>\n\t\t\t\t<\/div>\n\t\t<div data-particle_enable=\"false\" data-particle-mobile-disabled=\"false\" class=\"elementor-element elementor-element-71f6c19 optional-sec e-flex e-con-boxed e-con e-parent\" data-id=\"71f6c19\" data-element_type=\"container\" data-e-type=\"container\">\n\t\t\t\t\t<div class=\"e-con-inner\">\n\t\t<div data-particle_enable=\"false\" data-particle-mobile-disabled=\"false\" class=\"elementor-element elementor-element-3c99bc2 e-con-full e-flex e-con e-child\" data-id=\"3c99bc2\" data-element_type=\"container\" data-e-type=\"container\">\n\t\t\t\t<div class=\"elementor-element elementor-element-b35240a elementor-widget elementor-widget-text-editor\" data-id=\"b35240a\" data-element_type=\"widget\" data-e-type=\"widget\" data-widget_type=\"text-editor.default\">\n\t\t\t\t\t\t\t\t\t<h2>Coberturas opcionales o especializadas<\/h2>\t\t\t\t\t\t\t\t<\/div>\n\t\t\t\t<\/div>\n\t\t<div data-particle_enable=\"false\" data-particle-mobile-disabled=\"false\" class=\"elementor-element elementor-element-bcf341e e-con-full e-flex e-con e-child\" data-id=\"bcf341e\" data-element_type=\"container\" data-e-type=\"container\">\n\t\t\t\t<div class=\"elementor-element elementor-element-3345949 elementor-widget elementor-widget-text-editor\" data-id=\"3345949\" data-element_type=\"widget\" data-e-type=\"widget\" data-widget_type=\"text-editor.default\">\n\t\t\t\t\t\t\t\t\t<ul><li><strong>Seguro de responsabilidad civil por pr\u00e1cticas laborales (EPLI)<\/strong>: Cubre las reclamaciones por despido improcedente, discriminaci\u00f3n y acoso.<\/li><\/ul>\t\t\t\t\t\t\t\t<\/div>\n\t\t\t\t<\/div>\n\t\t<div data-particle_enable=\"false\" data-particle-mobile-disabled=\"false\" class=\"elementor-element elementor-element-51db021 e-con-full e-flex e-con e-child\" data-id=\"51db021\" data-element_type=\"container\" data-e-type=\"container\">\n\t\t\t\t<div class=\"elementor-element elementor-element-0b93c5c elementor-widget elementor-widget-text-editor\" data-id=\"0b93c5c\" data-element_type=\"widget\" data-e-type=\"widget\" data-widget_type=\"text-editor.default\">\n\t\t\t\t\t\t\t\t\t<ul><li><strong>Seguro de persona clave<\/strong>: Protege contra la p\u00e9rdida financiera si un empleado o propietario cr\u00edtico fallece o queda incapacitado.<\/li><\/ul>\t\t\t\t\t\t\t\t<\/div>\n\t\t\t\t<\/div>\n\t\t<div data-particle_enable=\"false\" data-particle-mobile-disabled=\"false\" class=\"elementor-element elementor-element-a418def e-con-full e-flex e-con e-child\" data-id=\"a418def\" data-element_type=\"container\" data-e-type=\"container\">\n\t\t\t\t<div class=\"elementor-element elementor-element-6ca79ce elementor-widget elementor-widget-text-editor\" data-id=\"6ca79ce\" data-element_type=\"widget\" data-e-type=\"widget\" data-widget_type=\"text-editor.default\">\n\t\t\t\t\t\t\t\t\t<ul><li><strong>Seguro mar\u00edtimo interior<\/strong>: Cubre las mercanc\u00edas en tr\u00e1nsito o los equipos m\u00f3viles.<\/li><\/ul>\t\t\t\t\t\t\t\t<\/div>\n\t\t\t\t<\/div>\n\t\t\t\t\t<\/div>\n\t\t\t\t<\/div>\n\t\t\t\t<\/div>\n\t\t","protected":false},"excerpt":{"rendered":"<p>Seguro de empresa El seguro de empresa es un conjunto de p\u00f3lizas dise\u00f1adas para proteger a una empresa de p\u00e9rdidas [&hellip;]<\/p>\n","protected":false},"author":2,"featured_media":0,"parent":2466,"menu_order":0,"comment_status":"closed","ping_status":"closed","template":"","meta":{"site-sidebar-layout":"no-sidebar","site-content-layout":"","ast-site-content-layout":"full-width-container","site-content-style":"default","site-sidebar-style":"default","ast-global-header-display":"","ast-banner-title-visibility":"","ast-main-header-display":"","ast-hfb-above-header-display":"","ast-hfb-below-header-display":"","ast-hfb-mobile-header-display":"","site-post-title":"disabled","ast-breadcrumbs-content":"","ast-featured-img":"disabled","footer-sml-layout":"","ast-disable-related-posts":"","theme-transparent-header-meta":"","adv-header-id-meta":"","stick-header-meta":"","header-above-stick-meta":"","header-main-stick-meta":"","header-below-stick-meta":"","astra-migrate-meta-layouts":"default","ast-page-background-enabled":"default","ast-page-background-meta":{"desktop":{"background-color":"var(--ast-global-color-5)","background-image":"","background-repeat":"repeat","background-position":"center center","background-size":"auto","background-attachment":"scroll","background-type":"","background-media":"","overlay-type":"","overlay-color":"","overlay-opacity":"","overlay-gradient":""},"tablet":{"background-color":"","background-image":"","background-repeat":"repeat","background-position":"center center","background-size":"auto","background-attachment":"scroll","background-type":"","background-media":"","overlay-type":"","overlay-color":"","overlay-opacity":"","overlay-gradient":""},"mobile":{"background-color":"","background-image":"","background-repeat":"repeat","background-position":"center center","background-size":"auto","background-attachment":"scroll","background-type":"","background-media":"","overlay-type":"","overlay-color":"","overlay-opacity":"","overlay-gradient":""}},"ast-content-background-meta":{"desktop":{"background-color":"var(--ast-global-color-4)","background-image":"","background-repeat":"repeat","background-position":"center center","background-size":"auto","background-attachment":"scroll","background-type":"","background-media":"","overlay-type":"","overlay-color":"","overlay-opacity":"","overlay-gradient":""},"tablet":{"background-color":"var(--ast-global-color-4)","background-image":"","background-repeat":"repeat","background-position":"center center","background-size":"auto","background-attachment":"scroll","background-type":"","background-media":"","overlay-type":"","overlay-color":"","overlay-opacity":"","overlay-gradient":""},"mobile":{"background-color":"var(--ast-global-color-4)","background-image":"","background-repeat":"repeat","background-position":"center center","background-size":"auto","background-attachment":"scroll","background-type":"","background-media":"","overlay-type":"","overlay-color":"","overlay-opacity":"","overlay-gradient":""}},"footnotes":""},"class_list":["post-2442","page","type-page","status-publish","hentry"],"_links":{"self":[{"href":"https:\/\/grupo-sosa.com\/es\/wp-json\/wp\/v2\/pages\/2442","targetHints":{"allow":["GET"]}}],"collection":[{"href":"https:\/\/grupo-sosa.com\/es\/wp-json\/wp\/v2\/pages"}],"about":[{"href":"https:\/\/grupo-sosa.com\/es\/wp-json\/wp\/v2\/types\/page"}],"author":[{"embeddable":true,"href":"https:\/\/grupo-sosa.com\/es\/wp-json\/wp\/v2\/users\/2"}],"replies":[{"embeddable":true,"href":"https:\/\/grupo-sosa.com\/es\/wp-json\/wp\/v2\/comments?post=2442"}],"version-history":[{"count":1,"href":"https:\/\/grupo-sosa.com\/es\/wp-json\/wp\/v2\/pages\/2442\/revisions"}],"predecessor-version":[{"id":2444,"href":"https:\/\/grupo-sosa.com\/es\/wp-json\/wp\/v2\/pages\/2442\/revisions\/2444"}],"up":[{"embeddable":true,"href":"https:\/\/grupo-sosa.com\/es\/wp-json\/wp\/v2\/pages\/2466"}],"wp:attachment":[{"href":"https:\/\/grupo-sosa.com\/es\/wp-json\/wp\/v2\/media?parent=2442"}],"curies":[{"name":"wp","href":"https:\/\/api.w.org\/{rel}","templated":true}]}}